{"id":861,"date":"2021-09-17T21:42:31","date_gmt":"2021-09-18T00:42:31","guid":{"rendered":"https:\/\/ifdcregina.edu.ar\/sitio\/?page_id=861"},"modified":"2025-11-06T11:21:15","modified_gmt":"2025-11-06T14:21:15","slug":"revista-urdimbres-2","status":"publish","type":"page","link":"https:\/\/ifdcregina.edu.ar\/sitio\/revista-urdimbres-2\/","title":{"rendered":"Revista Urdimbres"},"content":{"rendered":"\t\t<div data-elementor-type=\"wp-page\" data-elementor-id=\"861\" class=\"elementor elementor-861\">\n\t\t\t\t\t\t\t\t\t<section class=\"elementor-section elementor-top-section elementor-element elementor-element-6ad4cc32 elementor-section-boxed elementor-section-height-default elementor-section-height-default\" data-id=\"6ad4cc32\" data-element_type=\"section\">\n\t\t\t\t\t\t<div class=\"elementor-container elementor-column-gap-default\">\n\t\t\t\t\t<div class=\"elementor-column elementor-col-100 elementor-top-column elementor-element elementor-element-2bbde5fb\" data-id=\"2bbde5fb\" data-element_type=\"column\">\n\t\t\t<div class=\"elementor-widget-wrap elementor-element-populated\">\n\t\t\t\t\t\t\t\t<div class=\"elementor-element elementor-element-29321b45 elementor-widget elementor-widget-text-editor\" data-id=\"29321b45\" data-element_type=\"widget\" data-widget_type=\"text-editor.default\">\n\t\t\t\t<div class=\"elementor-widget-container\">\n\t\t\t<style>\/*! elementor - v3.11.1 - 15-02-2023 *\/\n.elementor-widget-text-editor.elementor-drop-cap-view-stacked .elementor-drop-cap{background-color:#818a91;color:#fff}.elementor-widget-text-editor.elementor-drop-cap-view-framed .elementor-drop-cap{color:#818a91;border:3px solid;background-color:transparent}.elementor-widget-text-editor:not(.elementor-drop-cap-view-default) .elementor-drop-cap{margin-top:8px}.elementor-widget-text-editor:not(.elementor-drop-cap-view-default) .elementor-drop-cap-letter{width:1em;height:1em}.elementor-widget-text-editor .elementor-drop-cap{float:left;text-align:center;line-height:1;font-size:50px}.elementor-widget-text-editor .elementor-drop-cap-letter{display:inline-block}<\/style>\t\t\t\t<figure><img decoding=\"async\" src=\"https:\/\/lh3.googleusercontent.com\/wpLC2zKwYPz_UrS9-QDh8I_ME14RzxjuTdphepSsutA19i7hPzoWaBSLgtzt9__2t_Az5Fr76hrdMjvCFD7z6BDnWcK0xLhlxpss4C5cdFcBtRWfado7i9btPGSaYX9HQc1T3TXj4Q=w2400\" alt=\"\" \/><\/figure>\n<p><!-- \/wp:image --><\/p>\n<p><!-- wp:paragraph --><\/p>\n<p><a href=\"https:\/\/ifdcregina.edu.ar\/sitio\/revista-urdimbres-n9\/\">A\u00f1o 9. N\u00famero 9. Noviembre 2025<\/a><\/p>\n<p><a href=\"https:\/\/ifdcregina.edu.ar\/sitio\/revista-urdimdossier-historia-de-la-formacion-docente-en-villa-regina-septiembre-2025\/\">Dossier: Historia de la Formaci\u00f3n Docente en Villa Regina \u2013 Septiembre 2025<\/a><\/p>\n<p><a href=\"https:\/\/ifdcregina.edu.ar\/sitio\/revista-urdimbres-no-8\/\">A\u00f1o 8. N\u00famero 8. Octubre 2024<\/a><\/p>\n<p><a href=\"https:\/\/ifdcregina.edu.ar\/sitio\/revista-urdimbres-no7\/\" target=\"_blank\" rel=\"noopener\">A\u00f1o 7. N\u00famero 7. Octubre 2023<\/a><\/p>\n<p><a href=\"https:\/\/ifdcregina.edu.ar\/sitio\/revista-urdimbres-no6\/\">A\u00f1o 6. N\u00famero 6. Septiembre 2022<\/a><\/p>\n<p><a href=\"https:\/\/ifdcregina.edu.ar\/sitio\/revista-urdimbres-5\/\" data-type=\"URL\" data-id=\"https:\/\/ifdcregina.edu.ar\/sitio\/revista-urdimbres-5\/\">A\u00f1o 5. N\u00famero 5. Septiembre 2021<\/a><\/p>\n<p><a href=\"https:\/\/ifdcregina.edu.ar\/sitio\/revista-urdimbres-n4\/\" target=\"_blank\" rel=\"noopener\">A\u00f1o 3. N\u00famero 4. Noviembre 2019<\/a><\/p>\n<p><a href=\"https:\/\/ifdcregina.edu.ar\/sitio\/revista-urdimbres-n3\/\" target=\"_blank\" rel=\"noopener\">A\u00f1o 2. N\u00famero 3. Noviembre 2018<\/a><\/p>\n<p><a href=\"https:\/\/ifdcregina.edu.ar\/sitio\/revista-urdimbres-n2\/\" target=\"_blank\" rel=\"noopener\">A\u00f1o 2. N\u00famero 2. Junio 2018.<\/a><\/p>\n<p><a href=\"https:\/\/ifdcregina.edu.ar\/sitio\/revista-urdimbres-n1\/\" target=\"_blank\" rel=\"noopener\">A\u00f1o 1. N\u00famero 1. Octubre 2017<\/a><\/p>\n<p>\u00a0<\/p>\n<p><!-- \/wp:paragraph --><\/p>\n<p>A\u00f1<\/p>\t\t\t\t\t\t<\/div>\n\t\t\t\t<\/div>\n\t\t\t\t\t<\/div>\n\t\t<\/div>\n\t\t\t\t\t\t\t<\/div>\n\t\t<\/section>\n\t\t\t\t\t\t\t<\/div>\n\t\t","protected":false},"excerpt":{"rendered":"<p>A\u00f1o 9. N\u00famero 9. Noviembre 2025 Dossier: Historia de la Formaci\u00f3n Docente en Villa Regina \u2013 Septiembre 2025 A\u00f1o 8. N\u00famero 8. Octubre 2024 A\u00f1o 7. N\u00famero 7. Octubre 2023 A\u00f1o 6. N\u00famero 6. Septiembre 2022 A\u00f1o 5. N\u00famero 5. Septiembre 2021 A\u00f1o 3. N\u00famero 4. Noviembre 2019 A\u00f1o 2. N\u00famero 3. Noviembre 2018 A\u00f1o [&hellip;]<\/p>\n","protected":false},"author":1,"featured_media":0,"parent":0,"menu_order":0,"comment_status":"closed","ping_status":"closed","template":"","meta":{"footnotes":""},"class_list":["post-861","page","type-page","status-publish","hentry"],"_links":{"self":[{"href":"https:\/\/ifdcregina.edu.ar\/sitio\/wp-json\/wp\/v2\/pages\/861","targetHints":{"allow":["GET"]}}],"collection":[{"href":"https:\/\/ifdcregina.edu.ar\/sitio\/wp-json\/wp\/v2\/pages"}],"about":[{"href":"https:\/\/ifdcregina.edu.ar\/sitio\/wp-json\/wp\/v2\/types\/page"}],"author":[{"embeddable":true,"href":"https:\/\/ifdcregina.edu.ar\/sitio\/wp-json\/wp\/v2\/users\/1"}],"replies":[{"embeddable":true,"href":"https:\/\/ifdcregina.edu.ar\/sitio\/wp-json\/wp\/v2\/comments?post=861"}],"version-history":[{"count":41,"href":"https:\/\/ifdcregina.edu.ar\/sitio\/wp-json\/wp\/v2\/pages\/861\/revisions"}],"predecessor-version":[{"id":5396,"href":"https:\/\/ifdcregina.edu.ar\/sitio\/wp-json\/wp\/v2\/pages\/861\/revisions\/5396"}],"wp:attachment":[{"href":"https:\/\/ifdcregina.edu.ar\/sitio\/wp-json\/wp\/v2\/media?parent=861"}],"curies":[{"name":"wp","href":"https:\/\/api.w.org\/{rel}","templated":true}]}}