{"id":650,"date":"2021-09-09T18:36:07","date_gmt":"2021-09-09T21:36:07","guid":{"rendered":"https:\/\/ifdcregina.edu.ar\/sitio\/?page_id=650"},"modified":"2025-09-29T10:24:21","modified_gmt":"2025-09-29T13:24:21","slug":"novedades","status":"publish","type":"page","link":"https:\/\/ifdcregina.edu.ar\/sitio\/novedades\/","title":{"rendered":"NOVEDADES"},"content":{"rendered":"\t\t<div data-elementor-type=\"wp-page\" data-elementor-id=\"650\" class=\"elementor elementor-650\">\n\t\t\t\t\t\t\t\t\t<section class=\"elementor-section elementor-top-section elementor-element elementor-element-2bfa1c8 elementor-section-boxed elementor-section-height-default elementor-section-height-default\" data-id=\"2bfa1c8\" data-element_type=\"section\">\n\t\t\t\t\t\t<div class=\"elementor-container elementor-column-gap-default\">\n\t\t\t\t\t<div class=\"elementor-column elementor-col-100 elementor-top-column elementor-element elementor-element-7edfb57\" data-id=\"7edfb57\" data-element_type=\"column\">\n\t\t\t<div class=\"elementor-widget-wrap elementor-element-populated\">\n\t\t\t\t\t\t\t\t<div class=\"elementor-element elementor-element-7b825e5 elementor-widget elementor-widget-blogmentor_blog_posts\" data-id=\"7b825e5\" data-element_type=\"widget\" data-widget_type=\"blogmentor_blog_posts.default\">\n\t\t\t\t<div class=\"elementor-widget-container\">\n\t\t\t\t\t\n\t\t\t\t<script>\n\tjQuery(function($) {\n    \/\/ init Masonry\n    var $grid = $('.bm-masonry-grid').masonry({\n        \/\/ options\n        itemSelector: '.bm-masonry-item',\n       \n    });\n    \/\/ layout Masonry after each image loads\n    $grid.imagesLoaded().progress( function() {\n        $grid.masonry('layout');\n    });\n});\n<\/script>\n\n<div class=\"bm-masonry-style-1\">\n\t<div class=\"bm-masonry-grid\">\n\t\t\t\t<div class=\"bm-masonry-item bm_content_box\">\n\t\t\t\t<div class=\"bm-post-image clearfix bm-hover-effect bm-hover-effect-opacity\">\n\t\t\t\t<img decoding=\"async\" src=\"https:\/\/lh3.googleusercontent.com\/pw\/AP1GczMuqePiieXTfSfcEYylfsIXgl8G8-402s2I6JNVNCQj2YP4UFQDZoCTOaALcTUW1gXiA06ajn0Jh9BTT7cQrLe5n1MKAAwaC7tFpjloSTHrruFnriA=w2400\"  class=\"external-img wp-post-image \"  \/>\t\t\t\t<\/div>\n\t\t\t\t\t\t\t\t<div class=\"bm-masonry-wrapper\">\n\t\t\t\t\t<div class=\"bm-masonry-title\">\n\t\t\t\t\t<h4 class=\"bm_title\"><a href=\"https:\/\/ifdcregina.edu.ar\/sitio\/varios\/cumgelu-mapuzugun-por-que-mapuzugun\/\" rel=\"bookmark\">Cumgelu mapuzugun? \u2013 \u00bfPor qu\u00e9 mapuzugun?<\/a><\/h4>\t\t\t\t\t<\/div>\n\t\t\t\t\t<div class=\"bm-masonry-desc bm_content\">\n\t\t\t\t\t\t\t\t\t\t<\/div>\n\t\t\t\t\t<div class=\"bm-masonry-meta bm_meta\">\n\t\t\t\t\t<span class=\"posted-on\"><i class=\"fa fa-clock\" aria-hidden=\"true\"><\/i><a href=\"https:\/\/ifdcregina.edu.ar\/sitio\/varios\/cumgelu-mapuzugun-por-que-mapuzugun\/\" rel=\"bookmark\">mayo 5, 2026<\/a><\/span>\t\t\t\t\t<\/div>\n\t\t\t\t<\/div>\n\t\t\t\t\t\t<\/div>\n\t\t\t\t<div class=\"bm-masonry-item bm_content_box\">\n\t\t\t\t<div class=\"bm-post-image clearfix bm-hover-effect bm-hover-effect-opacity\">\n\t\t\t\t<img decoding=\"async\" src=\"https:\/\/lh3.googleusercontent.com\/pw\/AP1GczO4udFhTzi20ufBQcAzNLU69CGSPV1K3FA5UmY9CzODb2GlvNTlRbmXUFaCY6Nh8N0XT2QVvFn_ARBUWMwkGFqCiLw_brHx2JpFm4eKTgnnYFJnssg=w2400\"  class=\"external-img wp-post-image \"  \/>\t\t\t\t<\/div>\n\t\t\t\t\t\t\t\t<div class=\"bm-masonry-wrapper\">\n\t\t\t\t\t<div class=\"bm-masonry-title\">\n\t\t\t\t\t<h4 class=\"bm_title\"><a href=\"https:\/\/ifdcregina.edu.ar\/sitio\/varios\/taller-cumgelu-mapuzugun-por-que-mapuzugun\/\" rel=\"bookmark\">Taller Cumgelu mapuzugun? \u00bfPor qu\u00e9 mapuzugun?<\/a><\/h4>\t\t\t\t\t<\/div>\n\t\t\t\t\t<div class=\"bm-masonry-desc bm_content\">\n\t\t\t\t\t\t\t\t\t\t<\/div>\n\t\t\t\t\t<div class=\"bm-masonry-meta bm_meta\">\n\t\t\t\t\t<span class=\"posted-on\"><i class=\"fa fa-clock\" aria-hidden=\"true\"><\/i><a href=\"https:\/\/ifdcregina.edu.ar\/sitio\/varios\/taller-cumgelu-mapuzugun-por-que-mapuzugun\/\" rel=\"bookmark\">abril 24, 2026<\/a><\/span>\t\t\t\t\t<\/div>\n\t\t\t\t<\/div>\n\t\t\t\t\t\t<\/div>\n\t\t\t\t<div class=\"bm-masonry-item bm_content_box\">\n\t\t\t\t<div class=\"bm-post-image clearfix bm-hover-effect bm-hover-effect-opacity\">\n\t\t\t\t<img decoding=\"async\" src=\"https:\/\/lh3.googleusercontent.com\/pw\/AP1GczNAtITfzQ_04UXLtkpa_4bhvwPFAbzZs1RbZRLslss6qz2OFzSVBQn2QXvqv4xPxe4-YgRkkM6IFUDiMolgYty8mvkl9tWPw-7mSd9LKVG-Zv4lifo=w2400\"  class=\"external-img wp-post-image \"  \/>\t\t\t\t<\/div>\n\t\t\t\t\t\t\t\t<div class=\"bm-masonry-wrapper\">\n\t\t\t\t\t<div class=\"bm-masonry-title\">\n\t\t\t\t\t<h4 class=\"bm_title\"><a href=\"https:\/\/ifdcregina.edu.ar\/sitio\/varios\/mesa-de-examenes-finales-mayo\/\" rel=\"bookmark\">Mesa de ex\u00e1menes finales-mayo<\/a><\/h4>\t\t\t\t\t<\/div>\n\t\t\t\t\t<div class=\"bm-masonry-desc bm_content\">\n\t\t\t\t\t\t\t\t\t\t<\/div>\n\t\t\t\t\t<div class=\"bm-masonry-meta bm_meta\">\n\t\t\t\t\t<span class=\"posted-on\"><i class=\"fa fa-clock\" aria-hidden=\"true\"><\/i><a href=\"https:\/\/ifdcregina.edu.ar\/sitio\/varios\/mesa-de-examenes-finales-mayo\/\" rel=\"bookmark\">abril 21, 2026<\/a><\/span>\t\t\t\t\t<\/div>\n\t\t\t\t<\/div>\n\t\t\t\t\t\t<\/div>\n\t\t<\/div>\n<\/div>\t\t\t<div class=\"bm-pagination pagination_style_1\">\n\t\t\t\t<span aria-current=\"page\" class=\"page-numbers current\">1<\/span>\n<a class=\"page-numbers\" href=\"https:\/\/ifdcregina.edu.ar\/sitio\/wp-json\/wp\/v2\/pages\/650\/page\/2\/\">2<\/a>\n<span class=\"page-numbers dots\">&hellip;<\/span>\n<a class=\"page-numbers\" href=\"https:\/\/ifdcregina.edu.ar\/sitio\/wp-json\/wp\/v2\/pages\/650\/page\/99\/\">99<\/a>\n<a class=\"page-numbers\" href=\"https:\/\/ifdcregina.edu.ar\/sitio\/wp-json\/wp\/v2\/pages\/650\/page\/100\/\">100<\/a>\n<a class=\"next page-numbers\" href=\"https:\/\/ifdcregina.edu.ar\/sitio\/wp-json\/wp\/v2\/pages\/650\/page\/2\/\">  <i><\/i><\/a>\t\t\t<\/div>\n\t\t\t\t<\/div>\n\t\t\t\t<\/div>\n\t\t\t\t\t<\/div>\n\t\t<\/div>\n\t\t\t\t\t\t\t<\/div>\n\t\t<\/section>\n\t\t\t\t\t\t\t<\/div>\n\t\t","protected":false},"excerpt":{"rendered":"<p>Inscripci\u00f3n EDI septiembre 25, 2025 Profesorado de Educaci\u00f3n Especial con Orientaci\u00f3n en Discapacidad Intelectual septiembre 25, 2025 Profesorado de Educaci\u00f3n Secundaria en Lengua y Literatura septiembre 25, 2025 1 2 &hellip; 95 96<\/p>\n","protected":false},"author":1,"featured_media":0,"parent":0,"menu_order":0,"comment_status":"closed","ping_status":"closed","template":"","meta":{"footnotes":""},"class_list":["post-650","page","type-page","status-publish","hentry"],"_links":{"self":[{"href":"https:\/\/ifdcregina.edu.ar\/sitio\/wp-json\/wp\/v2\/pages\/650","targetHints":{"allow":["GET"]}}],"collection":[{"href":"https:\/\/ifdcregina.edu.ar\/sitio\/wp-json\/wp\/v2\/pages"}],"about":[{"href":"https:\/\/ifdcregina.edu.ar\/sitio\/wp-json\/wp\/v2\/types\/page"}],"author":[{"embeddable":true,"href":"https:\/\/ifdcregina.edu.ar\/sitio\/wp-json\/wp\/v2\/users\/1"}],"replies":[{"embeddable":true,"href":"https:\/\/ifdcregina.edu.ar\/sitio\/wp-json\/wp\/v2\/comments?post=650"}],"version-history":[{"count":94,"href":"https:\/\/ifdcregina.edu.ar\/sitio\/wp-json\/wp\/v2\/pages\/650\/revisions"}],"predecessor-version":[{"id":4937,"href":"https:\/\/ifdcregina.edu.ar\/sitio\/wp-json\/wp\/v2\/pages\/650\/revisions\/4937"}],"wp:attachment":[{"href":"https:\/\/ifdcregina.edu.ar\/sitio\/wp-json\/wp\/v2\/media?parent=650"}],"curies":[{"name":"wp","href":"https:\/\/api.w.org\/{rel}","templated":true}]}}