{"id":458,"date":"2021-09-02T17:01:33","date_gmt":"2021-09-02T20:01:33","guid":{"rendered":"https:\/\/ifdcregina.edu.ar\/sitio\/?page_id=458"},"modified":"2025-09-24T09:31:20","modified_gmt":"2025-09-24T12:31:20","slug":"normativa","status":"publish","type":"page","link":"https:\/\/ifdcregina.edu.ar\/sitio\/normativa\/","title":{"rendered":"Normativas"},"content":{"rendered":"\n<p>Reglamento Org\u00e1nico Marco (<strong>ROM<\/strong>). <a href=\"https:\/\/drive.google.com\/file\/d\/1NKUAC2d9NATyTAw_AEHuLcbBgfalmeA9\/view?usp=sharing\" target=\"_blank\" rel=\"noreferrer noopener\">Descargar Aqu\u00ed<\/a><\/p>\n\n\n\n<p>Reglamento Acad\u00e9mico Marco (<strong>RAM<\/strong>). <a href=\"https:\/\/drive.google.com\/file\/d\/1c7hrImUMjQJ9c3uzfhHkkXJv3KPsz0Rf\/view?usp=sharing\" target=\"_blank\" rel=\"noreferrer noopener\">Descargar Aqu\u00ed<\/a><\/p>\n","protected":false},"excerpt":{"rendered":"<p>Reglamento Org\u00e1nico Marco (ROM). Descargar Aqu\u00ed Reglamento Acad\u00e9mico Marco (RAM). Descargar Aqu\u00ed<\/p>\n","protected":false},"author":1,"featured_media":0,"parent":0,"menu_order":0,"comment_status":"closed","ping_status":"closed","template":"","meta":{"footnotes":""},"class_list":["post-458","page","type-page","status-publish","hentry"],"_links":{"self":[{"href":"https:\/\/ifdcregina.edu.ar\/sitio\/wp-json\/wp\/v2\/pages\/458","targetHints":{"allow":["GET"]}}],"collection":[{"href":"https:\/\/ifdcregina.edu.ar\/sitio\/wp-json\/wp\/v2\/pages"}],"about":[{"href":"https:\/\/ifdcregina.edu.ar\/sitio\/wp-json\/wp\/v2\/types\/page"}],"author":[{"embeddable":true,"href":"https:\/\/ifdcregina.edu.ar\/sitio\/wp-json\/wp\/v2\/users\/1"}],"replies":[{"embeddable":true,"href":"https:\/\/ifdcregina.edu.ar\/sitio\/wp-json\/wp\/v2\/comments?post=458"}],"version-history":[{"count":4,"href":"https:\/\/ifdcregina.edu.ar\/sitio\/wp-json\/wp\/v2\/pages\/458\/revisions"}],"predecessor-version":[{"id":4686,"href":"https:\/\/ifdcregina.edu.ar\/sitio\/wp-json\/wp\/v2\/pages\/458\/revisions\/4686"}],"wp:attachment":[{"href":"https:\/\/ifdcregina.edu.ar\/sitio\/wp-json\/wp\/v2\/media?parent=458"}],"curies":[{"name":"wp","href":"https:\/\/api.w.org\/{rel}","templated":true}]}}