{"id":456,"date":"2021-09-02T17:01:07","date_gmt":"2021-09-02T20:01:07","guid":{"rendered":"https:\/\/ifdcregina.edu.ar\/sitio\/?page_id=456"},"modified":"2021-09-02T22:43:21","modified_gmt":"2021-09-03T01:43:21","slug":"acerca-del-ifdc","status":"publish","type":"page","link":"https:\/\/ifdcregina.edu.ar\/sitio\/acerca-del-ifdc\/","title":{"rendered":"Acerca del IFDC"},"content":{"rendered":"\t\t<div data-elementor-type=\"wp-page\" data-elementor-id=\"456\" class=\"elementor elementor-456\">\n\t\t\t\t\t\t\t\t\t<section class=\"elementor-section elementor-top-section elementor-element elementor-element-424831a elementor-section-boxed elementor-section-height-default elementor-section-height-default\" data-id=\"424831a\" data-element_type=\"section\">\n\t\t\t\t\t\t<div class=\"elementor-container elementor-column-gap-default\">\n\t\t\t\t\t<div class=\"elementor-column elementor-col-100 elementor-top-column elementor-element elementor-element-b10871b\" data-id=\"b10871b\" data-element_type=\"column\">\n\t\t\t<div class=\"elementor-widget-wrap elementor-element-populated\">\n\t\t\t\t\t\t\t\t<div class=\"elementor-element elementor-element-519fff4 elementor-widget elementor-widget-heading\" data-id=\"519fff4\" data-element_type=\"widget\" data-widget_type=\"heading.default\">\n\t\t\t\t<div class=\"elementor-widget-container\">\n\t\t\t<style>\/*! elementor - v3.11.1 - 15-02-2023 *\/\n.elementor-heading-title{padding:0;margin:0;line-height:1}.elementor-widget-heading .elementor-heading-title[class*=elementor-size-]>a{color:inherit;font-size:inherit;line-height:inherit}.elementor-widget-heading .elementor-heading-title.elementor-size-small{font-size:15px}.elementor-widget-heading .elementor-heading-title.elementor-size-medium{font-size:19px}.elementor-widget-heading .elementor-heading-title.elementor-size-large{font-size:29px}.elementor-widget-heading .elementor-heading-title.elementor-size-xl{font-size:39px}.elementor-widget-heading .elementor-heading-title.elementor-size-xxl{font-size:59px}<\/style><h2 class=\"elementor-heading-title elementor-size-default\">Ubicaci\u00f3n: Calle Alem 760, Villa Regina, R\u00edo Negro, Argentina<\/h2>\t\t<\/div>\n\t\t\t\t<\/div>\n\t\t\t\t\t<\/div>\n\t\t<\/div>\n\t\t\t\t\t\t\t<\/div>\n\t\t<\/section>\n\t\t\t\t<section class=\"elementor-section elementor-top-section elementor-element elementor-element-ba817b2 elementor-section-boxed elementor-section-height-default elementor-section-height-default\" data-id=\"ba817b2\" data-element_type=\"section\">\n\t\t\t\t\t\t<div class=\"elementor-container elementor-column-gap-default\">\n\t\t\t\t\t<div class=\"elementor-column elementor-col-100 elementor-top-column elementor-element elementor-element-f67be59\" data-id=\"f67be59\" data-element_type=\"column\">\n\t\t\t<div class=\"elementor-widget-wrap elementor-element-populated\">\n\t\t\t\t\t\t\t\t<div class=\"elementor-element elementor-element-55087a3 elementor-widget elementor-widget-google_maps\" data-id=\"55087a3\" data-element_type=\"widget\" data-widget_type=\"google_maps.default\">\n\t\t\t\t<div class=\"elementor-widget-container\">\n\t\t\t<style>\/*! elementor - v3.11.1 - 15-02-2023 *\/\n.elementor-widget-google_maps .elementor-widget-container{overflow:hidden}.elementor-widget-google_maps .elementor-custom-embed{line-height:0}.elementor-widget-google_maps iframe{height:300px}<\/style>\t\t<div class=\"elementor-custom-embed\">\n\t\t\t<iframe loading=\"lazy\"\n\t\t\t\t\tsrc=\"https:\/\/maps.google.com\/maps?q=Instituto%20de%20Formaci%C3%B3n%20Docente%2C%20Villa%20Regina%2C%20R%C3%ADo%20Negro&#038;t=m&#038;z=10&#038;output=embed&#038;iwloc=near\"\n\t\t\t\t\ttitle=\"Instituto de Formaci\u00f3n Docente, Villa Regina, R\u00edo Negro\"\n\t\t\t\t\taria-label=\"Instituto de Formaci\u00f3n Docente, Villa Regina, R\u00edo Negro\"\n\t\t\t><\/iframe>\n\t\t<\/div>\n\t\t\t\t<\/div>\n\t\t\t\t<\/div>\n\t\t\t\t\t<\/div>\n\t\t<\/div>\n\t\t\t\t\t\t\t<\/div>\n\t\t<\/section>\n\t\t\t\t<section class=\"elementor-section elementor-top-section elementor-element elementor-element-4879871 elementor-section-boxed elementor-section-height-default elementor-section-height-default\" data-id=\"4879871\" data-element_type=\"section\">\n\t\t\t\t\t\t<div class=\"elementor-container elementor-column-gap-default\">\n\t\t\t\t\t<div class=\"elementor-column elementor-col-100 elementor-top-column elementor-element elementor-element-b5fed6b\" data-id=\"b5fed6b\" data-element_type=\"column\">\n\t\t\t<div class=\"elementor-widget-wrap elementor-element-populated\">\n\t\t\t\t\t\t\t\t<div class=\"elementor-element elementor-element-23d975b elementor-widget elementor-widget-heading\" data-id=\"23d975b\" data-element_type=\"widget\" data-widget_type=\"heading.default\">\n\t\t\t\t<div class=\"elementor-widget-container\">\n\t\t\t<h2 class=\"elementor-heading-title elementor-size-default\">Rese\u00f1a Hist\u00f3rica<\/h2>\t\t<\/div>\n\t\t\t\t<\/div>\n\t\t\t\t\t<\/div>\n\t\t<\/div>\n\t\t\t\t\t\t\t<\/div>\n\t\t<\/section>\n\t\t\t\t<section class=\"elementor-section elementor-top-section elementor-element elementor-element-8943cff elementor-section-boxed elementor-section-height-default elementor-section-height-default\" data-id=\"8943cff\" data-element_type=\"section\">\n\t\t\t\t\t\t<div class=\"elementor-container elementor-column-gap-default\">\n\t\t\t\t\t<div class=\"elementor-column elementor-col-100 elementor-top-column elementor-element elementor-element-f46478b\" data-id=\"f46478b\" data-element_type=\"column\">\n\t\t\t<div class=\"elementor-widget-wrap elementor-element-populated\">\n\t\t\t\t\t\t\t\t<div class=\"elementor-element elementor-element-785b140 elementor-widget elementor-widget-text-editor\" data-id=\"785b140\" data-element_type=\"widget\" data-widget_type=\"text-editor.default\">\n\t\t\t\t<div class=\"elementor-widget-container\">\n\t\t\t<style>\/*! elementor - v3.11.1 - 15-02-2023 *\/\n.elementor-widget-text-editor.elementor-drop-cap-view-stacked .elementor-drop-cap{background-color:#818a91;color:#fff}.elementor-widget-text-editor.elementor-drop-cap-view-framed .elementor-drop-cap{color:#818a91;border:3px solid;background-color:transparent}.elementor-widget-text-editor:not(.elementor-drop-cap-view-default) .elementor-drop-cap{margin-top:8px}.elementor-widget-text-editor:not(.elementor-drop-cap-view-default) .elementor-drop-cap-letter{width:1em;height:1em}.elementor-widget-text-editor .elementor-drop-cap{float:left;text-align:center;line-height:1;font-size:50px}.elementor-widget-text-editor .elementor-drop-cap-letter{display:inline-block}<\/style>\t\t\t\t<p>El Instituto de Formaci\u00f3n Docente Continua de Villa Regina comenz\u00f3 a funcionar a partir del a\u00f1o 1976 luego de que fueran cerradas las Escuelas Normales Nacionales, entre ellas la existente en nuestra ciudad.<\/p>\n<p>La zona de influencia del Instituto, tanto en lo que respecta a los alumnos que a \u00e9l ingresan como al \u00e1mbito de trabajo de los docentes que de \u00e9l egresan abarca desde las localidades de Mainqu\u00e9 hasta Chelfor\u00f3 (ambas inclusive). En total es una poblaci\u00f3n de poco m\u00e1s de 60.000 habitantes cuya mayor\u00eda se ubica en los centros urbanos de la regi\u00f3n.<\/p>\n<p>Las escuelas primarias existentes en esta regi\u00f3n son marcadamente urbanas (de centro y\/o barriales). Hay escuelas que son consideradas rurales, si bien s\u00f3lo una se la podr\u00eda englobar estrictamente en dicha caracter\u00edstica. Las restantes se las considera as\u00ed por su ubicaci\u00f3n en zonas llamadas \u201cde chacra\u201d, pero tanto sea por su proximidad a los centros urbanos, como por su estructura propia (grados separados, disciplinas como m\u00fasica, educaci\u00f3n f\u00edsica y pl\u00e1stica cubiertas por docente especializados en las mismas, organizaci\u00f3n administrativa, etc.) se las deber\u00eda considerar como escuelas de caracter\u00edsticas urbanas.<\/p>\n<p>Los docentes del instituto ingresan al mismo mediante concurso de oposici\u00f3n y antecedentes con lo que se accede a la regularidad como titulares o adjuntos. Deben reconcursar \u2013al igual que en el sistema universitario- y dentro de su carga horaria tienen previstos espacios para la formaci\u00f3n de los futuros profesores, para la formaci\u00f3n permanente (capacitaci\u00f3n) a los docentes en funciones y para la investigaci\u00f3n \/ extensi\u00f3n mediante proyectos que deben ser aprobados, en primera instancia por el Consejo Directivo del Instituto y luego por la Direcci\u00f3n de Nivel Superior del Consejo Provincial de Educaci\u00f3n.<\/p>\n<p>A lo largo de los 30 a\u00f1os de vida del Instituto m\u00faltiples han sido las acciones destinadas tanto a la capacitaci\u00f3n como a la investigaci\u00f3n. Adem\u00e1s el Instituto realiza una importante labor de extensi\u00f3n hacia la comunidad, particularmente la educativa. Entre las m\u00faltiples acciones llevadas a cabo, cabe mencionar Jornadas del Medio Ambiente, Congresos para Educadores Musicales Patag\u00f3nicos, Producci\u00f3n de material audiovisual sobre la flora y fauna del desierto de monte, Jornadas de Ciencia, Tecnolog\u00eda y Educaci\u00f3n, Feria del Libro, Jornadas de Socializaci\u00f3n de Experiencias Pedag\u00f3gicas, Jornadas de Interculturalidad; entre otros eventos.<\/p>\n<p>El presenten encuentra al Instituto abocado al pleno desarrollo de sus potencialidades mediante la participaci\u00f3n en diferentes acciones, en todos los sentidos, destinadas a brindar la formaci\u00f3n, capacitaci\u00f3n e investigaci\u00f3n para mejorar la calidad educativa de sus alumnos as\u00ed como la de aquellos que ejercen en su zona de influencia.<br><\/p>\t\t\t\t\t\t<\/div>\n\t\t\t\t<\/div>\n\t\t\t\t\t<\/div>\n\t\t<\/div>\n\t\t\t\t\t\t\t<\/div>\n\t\t<\/section>\n\t\t\t\t\t\t\t<\/div>\n\t\t","protected":false},"excerpt":{"rendered":"<p>Ubicaci\u00f3n: Calle Alem 760, Villa Regina, R\u00edo Negro, Argentina Rese\u00f1a Hist\u00f3rica El Instituto de Formaci\u00f3n Docente Continua de Villa Regina comenz\u00f3 a funcionar a partir del a\u00f1o 1976 luego de que fueran cerradas las Escuelas Normales Nacionales, entre ellas la existente en nuestra ciudad. La zona de influencia del Instituto, tanto en lo que respecta [&hellip;]<\/p>\n","protected":false},"author":1,"featured_media":0,"parent":0,"menu_order":0,"comment_status":"closed","ping_status":"closed","template":"","meta":{"footnotes":""},"class_list":["post-456","page","type-page","status-publish","hentry"],"_links":{"self":[{"href":"https:\/\/ifdcregina.edu.ar\/sitio\/wp-json\/wp\/v2\/pages\/456","targetHints":{"allow":["GET"]}}],"collection":[{"href":"https:\/\/ifdcregina.edu.ar\/sitio\/wp-json\/wp\/v2\/pages"}],"about":[{"href":"https:\/\/ifdcregina.edu.ar\/sitio\/wp-json\/wp\/v2\/types\/page"}],"author":[{"embeddable":true,"href":"https:\/\/ifdcregina.edu.ar\/sitio\/wp-json\/wp\/v2\/users\/1"}],"replies":[{"embeddable":true,"href":"https:\/\/ifdcregina.edu.ar\/sitio\/wp-json\/wp\/v2\/comments?post=456"}],"version-history":[{"count":22,"href":"https:\/\/ifdcregina.edu.ar\/sitio\/wp-json\/wp\/v2\/pages\/456\/revisions"}],"predecessor-version":[{"id":520,"href":"https:\/\/ifdcregina.edu.ar\/sitio\/wp-json\/wp\/v2\/pages\/456\/revisions\/520"}],"wp:attachment":[{"href":"https:\/\/ifdcregina.edu.ar\/sitio\/wp-json\/wp\/v2\/media?parent=456"}],"curies":[{"name":"wp","href":"https:\/\/api.w.org\/{rel}","templated":true}]}}