{"id":4495,"date":"2025-09-15T10:08:53","date_gmt":"2025-09-15T13:08:53","guid":{"rendered":"https:\/\/ifdcregina.edu.ar\/sitio\/?page_id=4495"},"modified":"2025-10-08T09:11:07","modified_gmt":"2025-10-08T12:11:07","slug":"consultas-e-informes-prim","status":"publish","type":"page","link":"https:\/\/ifdcregina.edu.ar\/sitio\/consultas-e-informes-prim\/","title":{"rendered":"Consultas e Informes"},"content":{"rendered":"\t\t<div data-elementor-type=\"wp-page\" data-elementor-id=\"4495\" class=\"elementor elementor-4495\">\n\t\t\t\t\t\t\t\t\t<section class=\"elementor-section elementor-top-section elementor-element elementor-element-70545f7 elementor-section-boxed elementor-section-height-default elementor-section-height-default\" data-id=\"70545f7\" data-element_type=\"section\">\n\t\t\t\t\t\t<div class=\"elementor-container elementor-column-gap-default\">\n\t\t\t\t\t<div class=\"elementor-column elementor-col-100 elementor-top-column elementor-element elementor-element-1ee3982\" data-id=\"1ee3982\" data-element_type=\"column\">\n\t\t\t<div class=\"elementor-widget-wrap elementor-element-populated\">\n\t\t\t\t\t\t\t\t<div class=\"elementor-element elementor-element-80af459 elementor-widget elementor-widget-text-editor\" data-id=\"80af459\" data-element_type=\"widget\" data-widget_type=\"text-editor.default\">\n\t\t\t\t<div class=\"elementor-widget-container\">\n\t\t\t<style>\/*! elementor - v3.11.1 - 15-02-2023 *\/\n.elementor-widget-text-editor.elementor-drop-cap-view-stacked .elementor-drop-cap{background-color:#818a91;color:#fff}.elementor-widget-text-editor.elementor-drop-cap-view-framed .elementor-drop-cap{color:#818a91;border:3px solid;background-color:transparent}.elementor-widget-text-editor:not(.elementor-drop-cap-view-default) .elementor-drop-cap{margin-top:8px}.elementor-widget-text-editor:not(.elementor-drop-cap-view-default) .elementor-drop-cap-letter{width:1em;height:1em}.elementor-widget-text-editor .elementor-drop-cap{float:left;text-align:center;line-height:1;font-size:50px}.elementor-widget-text-editor .elementor-drop-cap-letter{display:inline-block}<\/style>\t\t\t\t<ul><li>Secretaria acad\u00e9mica: Flavia Mu\u00f1oz<\/li><li>Horario: 13.00 a 19.00hs<\/li><li>Direcci\u00f3n de correo electr\u00f3nico: <a href=\"mailto:secretariaprimariaifdcregina@gmail.com\">secretariaprimariaifdcregina@gmail.com<\/a><\/li><li>Coordinador\/a de la Carrera: Marcos Aguilera<\/li><\/ul>\t\t\t\t\t\t<\/div>\n\t\t\t\t<\/div>\n\t\t\t\t\t<\/div>\n\t\t<\/div>\n\t\t\t\t\t\t\t<\/div>\n\t\t<\/section>\n\t\t\t\t\t\t\t<\/div>\n\t\t","protected":false},"excerpt":{"rendered":"<p>Secretaria acad\u00e9mica: Flavia Mu\u00f1oz Horario: 13.00 a 19.00hs Direcci\u00f3n de correo electr\u00f3nico: secretariaprimariaifdcregina@gmail.com Coordinador\/a de la Carrera: Marcos Aguilera<\/p>\n","protected":false},"author":3,"featured_media":0,"parent":0,"menu_order":0,"comment_status":"closed","ping_status":"closed","template":"","meta":{"footnotes":""},"class_list":["post-4495","page","type-page","status-publish","hentry"],"_links":{"self":[{"href":"https:\/\/ifdcregina.edu.ar\/sitio\/wp-json\/wp\/v2\/pages\/4495","targetHints":{"allow":["GET"]}}],"collection":[{"href":"https:\/\/ifdcregina.edu.ar\/sitio\/wp-json\/wp\/v2\/pages"}],"about":[{"href":"https:\/\/ifdcregina.edu.ar\/sitio\/wp-json\/wp\/v2\/types\/page"}],"author":[{"embeddable":true,"href":"https:\/\/ifdcregina.edu.ar\/sitio\/wp-json\/wp\/v2\/users\/3"}],"replies":[{"embeddable":true,"href":"https:\/\/ifdcregina.edu.ar\/sitio\/wp-json\/wp\/v2\/comments?post=4495"}],"version-history":[{"count":10,"href":"https:\/\/ifdcregina.edu.ar\/sitio\/wp-json\/wp\/v2\/pages\/4495\/revisions"}],"predecessor-version":[{"id":5132,"href":"https:\/\/ifdcregina.edu.ar\/sitio\/wp-json\/wp\/v2\/pages\/4495\/revisions\/5132"}],"wp:attachment":[{"href":"https:\/\/ifdcregina.edu.ar\/sitio\/wp-json\/wp\/v2\/media?parent=4495"}],"curies":[{"name":"wp","href":"https:\/\/api.w.org\/{rel}","templated":true}]}}