{"id":4470,"date":"2025-09-15T09:58:19","date_gmt":"2025-09-15T12:58:19","guid":{"rendered":"https:\/\/ifdcregina.edu.ar\/sitio\/?page_id=4470"},"modified":"2026-03-31T11:06:41","modified_gmt":"2026-03-31T14:06:41","slug":"perfil-del-egresado-prim","status":"publish","type":"page","link":"https:\/\/ifdcregina.edu.ar\/sitio\/perfil-del-egresado-prim\/","title":{"rendered":"Perfil del Egresado"},"content":{"rendered":"\t\t<div data-elementor-type=\"wp-page\" data-elementor-id=\"4470\" class=\"elementor elementor-4470\">\n\t\t\t\t\t\t\t\t\t<section class=\"elementor-section elementor-top-section elementor-element elementor-element-681fa20 elementor-section-boxed elementor-section-height-default elementor-section-height-default\" data-id=\"681fa20\" data-element_type=\"section\">\n\t\t\t\t\t\t<div class=\"elementor-container elementor-column-gap-default\">\n\t\t\t\t\t<div class=\"elementor-column elementor-col-100 elementor-top-column elementor-element elementor-element-7cb2a7a\" data-id=\"7cb2a7a\" data-element_type=\"column\">\n\t\t\t<div class=\"elementor-widget-wrap elementor-element-populated\">\n\t\t\t\t\t\t\t\t<div class=\"elementor-element elementor-element-b33f53b elementor-widget elementor-widget-html\" data-id=\"b33f53b\" data-element_type=\"widget\" data-widget_type=\"html.default\">\n\t\t\t\t<div class=\"elementor-widget-container\">\n\t\t\t<button id=\"btn-play\">\u25b6\ufe0f Escuchar<\/button>\n<button id=\"btn-pausa\">\u23f8\ufe0f Pausar<\/button>\n<button id=\"btn-continuar\">\u25b6\ufe0f Continuar<\/button>\n<button id=\"btn-detener\">\u23f9\ufe0f Detener<\/button>\t\t<\/div>\n\t\t\t\t<\/div>\n\t\t\t\t\t<\/div>\n\t\t<\/div>\n\t\t\t\t\t\t\t<\/div>\n\t\t<\/section>\n\t\t\t\t<section class=\"elementor-section elementor-top-section elementor-element elementor-element-6453d69 elementor-section-boxed elementor-section-height-default elementor-section-height-default\" data-id=\"6453d69\" data-element_type=\"section\">\n\t\t\t\t\t\t<div class=\"elementor-container elementor-column-gap-default\">\n\t\t\t\t\t<div class=\"elementor-column elementor-col-100 elementor-top-column elementor-element elementor-element-ec8af3f\" data-id=\"ec8af3f\" data-element_type=\"column\">\n\t\t\t<div class=\"elementor-widget-wrap elementor-element-populated\">\n\t\t\t\t\t\t\t\t<div class=\"elementor-element elementor-element-ee69e29 elementor-widget elementor-widget-text-editor\" data-id=\"ee69e29\" data-element_type=\"widget\" data-widget_type=\"text-editor.default\">\n\t\t\t\t<div class=\"elementor-widget-container\">\n\t\t\t<style>\/*! elementor - v3.11.1 - 15-02-2023 *\/\n.elementor-widget-text-editor.elementor-drop-cap-view-stacked .elementor-drop-cap{background-color:#818a91;color:#fff}.elementor-widget-text-editor.elementor-drop-cap-view-framed .elementor-drop-cap{color:#818a91;border:3px solid;background-color:transparent}.elementor-widget-text-editor:not(.elementor-drop-cap-view-default) .elementor-drop-cap{margin-top:8px}.elementor-widget-text-editor:not(.elementor-drop-cap-view-default) .elementor-drop-cap-letter{width:1em;height:1em}.elementor-widget-text-editor .elementor-drop-cap{float:left;text-align:center;line-height:1;font-size:50px}.elementor-widget-text-editor .elementor-drop-cap-letter{display:inline-block}<\/style>\t\t\t\t<p>El\/la Profesor\/a de Educaci\u00f3n Primaria es un\/a docente con s\u00f3lida formaci\u00f3n te\u00f3rica, metodol\u00f3gica, pedag\u00f3gica y pr\u00e1ctica que lo habilita a ejercer la docencia en el Sistema Educativo Nacional; para ello se requiere:<\/p><p>Favorecer la apropiaci\u00f3n de bases te\u00f3ricas y epistemol\u00f3gicas que permitan comprender el trabajo docente en contextos singulares mediante el dise\u00f1o, implementaci\u00f3n y evaluaci\u00f3n de la ense\u00f1anza y el aprendizaje, acorde a las distintas \u00e1reas de conocimiento.<\/p><p>Posibilitar la comprensi\u00f3n del sujeto a quien va dirigida la ense\u00f1anza, en sus dimensiones subjetivas, psicol\u00f3gicas, cognitivas, afectivas y socioculturales.<\/p><p>Promover el trabajo colaborativo entre pares, la participaci\u00f3n en tanto aportes entre sus miembros como una forma de intercambio que promueve aprendizajes y autoconocimiento, posibilitando la reflexi\u00f3n de las pr\u00e1cticas docentes como pr\u00e1cticas sociales transformadoras.<\/p><p>Valorar la pertenencia, el compromiso y la participaci\u00f3n en la instituci\u00f3n: la gesti\u00f3n de proyectos interdisciplinarios y comunitarios, la implicancia con las familias, asoci\u00e1ndolas a la vida escolar.<\/p><p>Favorecer el di\u00e1logo y la apropiaci\u00f3n de las nuevas tecnolog\u00edas tanto para comprender los consumos culturales de los estudiantes, como para su incorporaci\u00f3n con prop\u00f3sitos de ense\u00f1anza.<\/p><p>Poseer capacidad para la formaci\u00f3n permanente y la innovaci\u00f3n pedag\u00f3gica, atento a la provisionalidad del conocimiento producido y la ubicuidad de la ense\u00f1anza.<\/p><p>Realizar trayectorias integrales que contemplen tanto los intereses y necesidades particulares como colectivas.<\/p><p>Considerar la evaluaci\u00f3n como pr\u00e1ctica compleja que posibilite objetivar datos, brindar informaci\u00f3n de los procesos de aprendizaje.<\/p><p>Generar espacios de an\u00e1lisis y reflexi\u00f3n sistem\u00e1tica sobre el trabajo docente y sus m\u00faltiples dimensiones.<\/p><p><b>Duraci\u00f3n de la Carrera en A\u00f1os Acad\u00e9micos<\/b><br \/>4 (cuatro) a\u00f1os.<\/p><p><b>Carga Horaria total de la Carrera incluyendo los Espacios de Definici\u00f3n<br \/>Institucional<\/b><br \/>2907 horas reloj<\/p>\t\t\t\t\t\t<\/div>\n\t\t\t\t<\/div>\n\t\t\t\t\t<\/div>\n\t\t<\/div>\n\t\t\t\t\t\t\t<\/div>\n\t\t<\/section>\n\t\t\t\t\t\t\t<\/div>\n\t\t","protected":false},"excerpt":{"rendered":"<p>\u25b6\ufe0f Escuchar \u23f8\ufe0f Pausar \u25b6\ufe0f Continuar \u23f9\ufe0f Detener El\/la Profesor\/a de Educaci\u00f3n Primaria es un\/a docente con s\u00f3lida formaci\u00f3n te\u00f3rica, metodol\u00f3gica, pedag\u00f3gica y pr\u00e1ctica que lo habilita a ejercer la docencia en el Sistema Educativo Nacional; para ello se requiere: Favorecer la apropiaci\u00f3n de bases te\u00f3ricas y epistemol\u00f3gicas que permitan comprender el trabajo docente en [&hellip;]<\/p>\n","protected":false},"author":3,"featured_media":0,"parent":0,"menu_order":0,"comment_status":"closed","ping_status":"closed","template":"","meta":{"footnotes":""},"class_list":["post-4470","page","type-page","status-publish","hentry"],"_links":{"self":[{"href":"https:\/\/ifdcregina.edu.ar\/sitio\/wp-json\/wp\/v2\/pages\/4470","targetHints":{"allow":["GET"]}}],"collection":[{"href":"https:\/\/ifdcregina.edu.ar\/sitio\/wp-json\/wp\/v2\/pages"}],"about":[{"href":"https:\/\/ifdcregina.edu.ar\/sitio\/wp-json\/wp\/v2\/types\/page"}],"author":[{"embeddable":true,"href":"https:\/\/ifdcregina.edu.ar\/sitio\/wp-json\/wp\/v2\/users\/3"}],"replies":[{"embeddable":true,"href":"https:\/\/ifdcregina.edu.ar\/sitio\/wp-json\/wp\/v2\/comments?post=4470"}],"version-history":[{"count":19,"href":"https:\/\/ifdcregina.edu.ar\/sitio\/wp-json\/wp\/v2\/pages\/4470\/revisions"}],"predecessor-version":[{"id":5663,"href":"https:\/\/ifdcregina.edu.ar\/sitio\/wp-json\/wp\/v2\/pages\/4470\/revisions\/5663"}],"wp:attachment":[{"href":"https:\/\/ifdcregina.edu.ar\/sitio\/wp-json\/wp\/v2\/media?parent=4470"}],"curies":[{"name":"wp","href":"https:\/\/api.w.org\/{rel}","templated":true}]}}