{"id":4393,"date":"2025-09-15T08:46:22","date_gmt":"2025-09-15T11:46:22","guid":{"rendered":"https:\/\/ifdcregina.edu.ar\/sitio\/?page_id=4393"},"modified":"2025-09-15T09:02:35","modified_gmt":"2025-09-15T12:02:35","slug":"objetivos-de-la-carrera-lyl","status":"publish","type":"page","link":"https:\/\/ifdcregina.edu.ar\/sitio\/objetivos-de-la-carrera-lyl\/","title":{"rendered":"Objetivos de la Carrera"},"content":{"rendered":"\t\t<div data-elementor-type=\"wp-page\" data-elementor-id=\"4393\" class=\"elementor elementor-4393\">\n\t\t\t\t\t\t\t\t\t<section class=\"elementor-section elementor-top-section elementor-element elementor-element-92b9257 elementor-section-boxed elementor-section-height-default elementor-section-height-default\" data-id=\"92b9257\" data-element_type=\"section\">\n\t\t\t\t\t\t<div class=\"elementor-container elementor-column-gap-default\">\n\t\t\t\t\t<div class=\"elementor-column elementor-col-100 elementor-top-column elementor-element elementor-element-aac7108\" data-id=\"aac7108\" data-element_type=\"column\">\n\t\t\t<div class=\"elementor-widget-wrap elementor-element-populated\">\n\t\t\t\t\t\t\t\t<div class=\"elementor-element elementor-element-46668a8 elementor-widget elementor-widget-text-editor\" data-id=\"46668a8\" data-element_type=\"widget\" data-widget_type=\"text-editor.default\">\n\t\t\t\t<div class=\"elementor-widget-container\">\n\t\t\t<style>\/*! elementor - v3.11.1 - 15-02-2023 *\/\n.elementor-widget-text-editor.elementor-drop-cap-view-stacked .elementor-drop-cap{background-color:#818a91;color:#fff}.elementor-widget-text-editor.elementor-drop-cap-view-framed .elementor-drop-cap{color:#818a91;border:3px solid;background-color:transparent}.elementor-widget-text-editor:not(.elementor-drop-cap-view-default) .elementor-drop-cap{margin-top:8px}.elementor-widget-text-editor:not(.elementor-drop-cap-view-default) .elementor-drop-cap-letter{width:1em;height:1em}.elementor-widget-text-editor .elementor-drop-cap{float:left;text-align:center;line-height:1;font-size:50px}.elementor-widget-text-editor .elementor-drop-cap-letter{display:inline-block}<\/style>\t\t\t\t<ul><li>Formar profesores de Educaci\u00f3n Secundaria en Lengua y Literatura que se desempe\u00f1en en el nivel secundario de la educaci\u00f3n con un s\u00f3lido posicionamiento te\u00f3rico; pero al mismo tiempo que sean h\u00e1biles escritores y entusiastas lectores, para que puedan constituirse como verdaderos agentes de transformaci\u00f3n social.<\/li><li>Fomentar la actitud cr\u00edtica y la creatividad, factores indispensables puestos al servicio de las pr\u00e1cticas docentes para que estas se conviertan en promotoras de innovaci\u00f3n\u00a0 y fuentes de la transformaci\u00f3n.<\/li><li>Brindar al futuro docente las herramientas b\u00e1sicas para favorecer el proceso de construcci\u00f3n de su identidad profesional, a trav\u00e9s del an\u00e1lisis de los fundamentos pol\u00edticos, sociol\u00f3gicos, epistemol\u00f3gicos, pedag\u00f3gicos, psicol\u00f3gicos y did\u00e1cticos que atraviesan las teor\u00edas de la ense\u00f1anza y del aprendizaje.<\/li><li>Promover espacios de apropiaci\u00f3n te\u00f3rica a partir de la problematizaci\u00f3n de la pr\u00e1ctica, generando una actitud cr\u00edtica y reflexiva individual y colectiva que permita analizar representaciones, modelos y argumentaciones del campo de la educaci\u00f3n en general y del nivel Secundario en particular.<\/li><li>Favorecer actitudes de cooperaci\u00f3n y disponibilidad para trabajar con otros, desde la lectura cr\u00edtica de la propia pr\u00e1ctica, a fin de generar propuestas de ense\u00f1anza democratizadoras.<\/li><li>Promover el respeto por las diferencias generando estrategias de integraci\u00f3n educativa y social, a trav\u00e9s de proyectos elaborados en forma conjunta con las instituciones educativas y otras organizaciones de la comunidad.<\/li><li>Desarrollar en el docente la capacidad para discernir entre un estereotipo social del adolescente y la presencia de la diversidad cultural y ling\u00fc\u00edstica de cada uno de sus alumnos.<\/li><\/ul>\t\t\t\t\t\t<\/div>\n\t\t\t\t<\/div>\n\t\t\t\t\t<\/div>\n\t\t<\/div>\n\t\t\t\t\t\t\t<\/div>\n\t\t<\/section>\n\t\t\t\t\t\t\t<\/div>\n\t\t","protected":false},"excerpt":{"rendered":"<p>Formar profesores de Educaci\u00f3n Secundaria en Lengua y Literatura que se desempe\u00f1en en el nivel secundario de la educaci\u00f3n con un s\u00f3lido posicionamiento te\u00f3rico; pero al mismo tiempo que sean h\u00e1biles escritores y entusiastas lectores, para que puedan constituirse como verdaderos agentes de transformaci\u00f3n social. Fomentar la actitud cr\u00edtica y la creatividad, factores indispensables puestos [&hellip;]<\/p>\n","protected":false},"author":3,"featured_media":0,"parent":0,"menu_order":0,"comment_status":"closed","ping_status":"closed","template":"","meta":{"footnotes":""},"class_list":["post-4393","page","type-page","status-publish","hentry"],"_links":{"self":[{"href":"https:\/\/ifdcregina.edu.ar\/sitio\/wp-json\/wp\/v2\/pages\/4393","targetHints":{"allow":["GET"]}}],"collection":[{"href":"https:\/\/ifdcregina.edu.ar\/sitio\/wp-json\/wp\/v2\/pages"}],"about":[{"href":"https:\/\/ifdcregina.edu.ar\/sitio\/wp-json\/wp\/v2\/types\/page"}],"author":[{"embeddable":true,"href":"https:\/\/ifdcregina.edu.ar\/sitio\/wp-json\/wp\/v2\/users\/3"}],"replies":[{"embeddable":true,"href":"https:\/\/ifdcregina.edu.ar\/sitio\/wp-json\/wp\/v2\/comments?post=4393"}],"version-history":[{"count":25,"href":"https:\/\/ifdcregina.edu.ar\/sitio\/wp-json\/wp\/v2\/pages\/4393\/revisions"}],"predecessor-version":[{"id":4422,"href":"https:\/\/ifdcregina.edu.ar\/sitio\/wp-json\/wp\/v2\/pages\/4393\/revisions\/4422"}],"wp:attachment":[{"href":"https:\/\/ifdcregina.edu.ar\/sitio\/wp-json\/wp\/v2\/media?parent=4393"}],"curies":[{"name":"wp","href":"https:\/\/api.w.org\/{rel}","templated":true}]}}