{"id":3678,"date":"2024-11-01T17:37:49","date_gmt":"2024-11-01T20:37:49","guid":{"rendered":"https:\/\/ifdcregina.edu.ar\/sitio\/?page_id=3678"},"modified":"2025-11-06T10:21:21","modified_gmt":"2025-11-06T13:21:21","slug":"revista-urdimbres-no-8","status":"publish","type":"page","link":"https:\/\/ifdcregina.edu.ar\/sitio\/revista-urdimbres-no-8\/","title":{"rendered":"Revista Urdimbres N\u00ba 8"},"content":{"rendered":"\t\t<div data-elementor-type=\"wp-page\" data-elementor-id=\"3678\" class=\"elementor elementor-3678\">\n\t\t\t\t\t\t\t\t\t<section class=\"elementor-section elementor-top-section elementor-element elementor-element-c814911 elementor-section-boxed elementor-section-height-default elementor-section-height-default\" data-id=\"c814911\" data-element_type=\"section\">\n\t\t\t\t\t\t<div class=\"elementor-container elementor-column-gap-default\">\n\t\t\t\t\t<div class=\"elementor-column elementor-col-100 elementor-top-column elementor-element elementor-element-d711652\" data-id=\"d711652\" data-element_type=\"column\">\n\t\t\t<div class=\"elementor-widget-wrap elementor-element-populated\">\n\t\t\t\t\t\t\t\t<div class=\"elementor-element elementor-element-c13f10d elementor-icon-list--layout-traditional elementor-list-item-link-full_width elementor-widget elementor-widget-icon-list\" data-id=\"c13f10d\" data-element_type=\"widget\" data-widget_type=\"icon-list.default\">\n\t\t\t\t<div class=\"elementor-widget-container\">\n\t\t\t<link rel=\"stylesheet\" href=\"https:\/\/ifdcregina.edu.ar\/sitio\/wp-content\/plugins\/elementor\/assets\/css\/widget-icon-list.min.css\">\t\t<ul class=\"elementor-icon-list-items\">\n\t\t\t\t\t\t\t<li class=\"elementor-icon-list-item\">\n\t\t\t\t\t\t\t\t\t\t\t<a href=\"https:\/\/drive.google.com\/file\/d\/16WxLjajL30ggA97YdELyshX125umCWUd\/view?usp=sharing\" target=\"_blank\">\n\n\t\t\t\t\t\t\t\t\t\t\t\t<span class=\"elementor-icon-list-icon\">\n\t\t\t\t\t\t\t<i aria-hidden=\"true\" class=\"fas fa-arrow-alt-circle-down\"><\/i>\t\t\t\t\t\t<\/span>\n\t\t\t\t\t\t\t\t\t\t<span class=\"elementor-icon-list-text\">Descargar PDF<\/span>\n\t\t\t\t\t\t\t\t\t\t\t<\/a>\n\t\t\t\t\t\t\t\t\t<\/li>\n\t\t\t\t\t\t<\/ul>\n\t\t\t\t<\/div>\n\t\t\t\t<\/div>\n\t\t\t\t\t<\/div>\n\t\t<\/div>\n\t\t\t\t\t\t\t<\/div>\n\t\t<\/section>\n\t\t\t\t<section class=\"elementor-section elementor-top-section elementor-element elementor-element-35a1192 elementor-section-boxed elementor-section-height-default elementor-section-height-default\" data-id=\"35a1192\" data-element_type=\"section\">\n\t\t\t\t\t\t<div class=\"elementor-container elementor-column-gap-default\">\n\t\t\t\t\t<div class=\"elementor-column elementor-col-100 elementor-top-column elementor-element elementor-element-74fb9b7\" data-id=\"74fb9b7\" data-element_type=\"column\">\n\t\t\t<div class=\"elementor-widget-wrap elementor-element-populated\">\n\t\t\t\t\t\t\t\t<div class=\"elementor-element elementor-element-9088081 elementor-widget elementor-widget-image\" data-id=\"9088081\" data-element_type=\"widget\" data-widget_type=\"image.default\">\n\t\t\t\t<div class=\"elementor-widget-container\">\n\t\t\t<style>\/*! elementor - v3.11.1 - 15-02-2023 *\/\n.elementor-widget-image{text-align:center}.elementor-widget-image a{display:inline-block}.elementor-widget-image a img[src$=\".svg\"]{width:48px}.elementor-widget-image img{vertical-align:middle;display:inline-block}<\/style>\t\t\t\t\t\t\t\t\t\t\t\t<img decoding=\"async\" src=\"https:\/\/lh3.googleusercontent.com\/wpLC2zKwYPz_UrS9-QDh8I_ME14RzxjuTdphepSsutA19i7hPzoWaBSLgtzt9__2t_Az5Fr76hrdMjvCFD7z6BDnWcK0xLhlxpss4C5cdFcBtRWfado7i9btPGSaYX9HQc1T3TXj4Q=w2400\" title=\"\" alt=\"\" class=\"elementor-animation-bounce-out\" loading=\"lazy\" \/>\t\t\t\t\t\t\t\t\t\t\t\t\t\t\t<\/div>\n\t\t\t\t<\/div>\n\t\t\t\t\t<\/div>\n\t\t<\/div>\n\t\t\t\t\t\t\t<\/div>\n\t\t<\/section>\n\t\t\t\t<section class=\"elementor-section elementor-top-section elementor-element elementor-element-453136c elementor-section-boxed elementor-section-height-default elementor-section-height-default\" data-id=\"453136c\" data-element_type=\"section\">\n\t\t\t\t\t\t<div class=\"elementor-container elementor-column-gap-default\">\n\t\t\t\t\t<div class=\"elementor-column elementor-col-100 elementor-top-column elementor-element elementor-element-abd3faa\" data-id=\"abd3faa\" data-element_type=\"column\">\n\t\t\t<div class=\"elementor-widget-wrap elementor-element-populated\">\n\t\t\t\t\t\t\t\t<div class=\"elementor-element elementor-element-8b26a08 elementor-widget elementor-widget-heading\" data-id=\"8b26a08\" data-element_type=\"widget\" data-widget_type=\"heading.default\">\n\t\t\t\t<div class=\"elementor-widget-container\">\n\t\t\t<style>\/*! elementor - v3.11.1 - 15-02-2023 *\/\n.elementor-heading-title{padding:0;margin:0;line-height:1}.elementor-widget-heading .elementor-heading-title[class*=elementor-size-]>a{color:inherit;font-size:inherit;line-height:inherit}.elementor-widget-heading .elementor-heading-title.elementor-size-small{font-size:15px}.elementor-widget-heading .elementor-heading-title.elementor-size-medium{font-size:19px}.elementor-widget-heading .elementor-heading-title.elementor-size-large{font-size:29px}.elementor-widget-heading .elementor-heading-title.elementor-size-xl{font-size:39px}.elementor-widget-heading .elementor-heading-title.elementor-size-xxl{font-size:59px}<\/style><h2 class=\"elementor-heading-title elementor-size-default\">A\u00f1o 8. N\u00famero 8. Octubre 2024<\/h2>\t\t<\/div>\n\t\t\t\t<\/div>\n\t\t\t\t\t<\/div>\n\t\t<\/div>\n\t\t\t\t\t\t\t<\/div>\n\t\t<\/section>\n\t\t\t\t<section class=\"elementor-section elementor-top-section elementor-element elementor-element-df734df elementor-section-boxed elementor-section-height-default elementor-section-height-default\" data-id=\"df734df\" data-element_type=\"section\">\n\t\t\t\t\t\t<div class=\"elementor-container elementor-column-gap-default\">\n\t\t\t\t\t<div class=\"elementor-column elementor-col-100 elementor-top-column elementor-element elementor-element-74048e9\" data-id=\"74048e9\" data-element_type=\"column\">\n\t\t\t<div class=\"elementor-widget-wrap elementor-element-populated\">\n\t\t\t\t\t\t\t\t<div class=\"elementor-element elementor-element-95169d3 elementor-widget elementor-widget-heading\" data-id=\"95169d3\" data-element_type=\"widget\" data-widget_type=\"heading.default\">\n\t\t\t\t<div class=\"elementor-widget-container\">\n\t\t\t<h3 class=\"elementor-heading-title elementor-size-default\">C o n t e n i d o<\/h3>\t\t<\/div>\n\t\t\t\t<\/div>\n\t\t\t\t\t<\/div>\n\t\t<\/div>\n\t\t\t\t\t\t\t<\/div>\n\t\t<\/section>\n\t\t\t\t<section class=\"elementor-section elementor-top-section elementor-element elementor-element-feb8554 elementor-section-boxed elementor-section-height-default elementor-section-height-default\" data-id=\"feb8554\" data-element_type=\"section\">\n\t\t\t\t\t\t<div class=\"elementor-container elementor-column-gap-default\">\n\t\t\t\t\t<div class=\"elementor-column elementor-col-100 elementor-top-column elementor-element elementor-element-6ddbae9\" data-id=\"6ddbae9\" data-element_type=\"column\">\n\t\t\t<div class=\"elementor-widget-wrap elementor-element-populated\">\n\t\t\t\t\t\t\t\t<section class=\"elementor-section elementor-inner-section elementor-element elementor-element-e5bd389 elementor-section-boxed elementor-section-height-default elementor-section-height-default\" data-id=\"e5bd389\" data-element_type=\"section\">\n\t\t\t\t\t\t<div class=\"elementor-container elementor-column-gap-default\">\n\t\t\t\t\t<div class=\"elementor-column elementor-col-50 elementor-inner-column elementor-element elementor-element-2afd814\" data-id=\"2afd814\" data-element_type=\"column\">\n\t\t\t<div class=\"elementor-widget-wrap elementor-element-populated\">\n\t\t\t\t\t\t\t\t<div class=\"elementor-element elementor-element-8c36fd6 elementor-widget elementor-widget-text-editor\" data-id=\"8c36fd6\" data-element_type=\"widget\" data-widget_type=\"text-editor.default\">\n\t\t\t\t<div class=\"elementor-widget-container\">\n\t\t\t<style>\/*! elementor - v3.11.1 - 15-02-2023 *\/\n.elementor-widget-text-editor.elementor-drop-cap-view-stacked .elementor-drop-cap{background-color:#818a91;color:#fff}.elementor-widget-text-editor.elementor-drop-cap-view-framed .elementor-drop-cap{color:#818a91;border:3px solid;background-color:transparent}.elementor-widget-text-editor:not(.elementor-drop-cap-view-default) .elementor-drop-cap{margin-top:8px}.elementor-widget-text-editor:not(.elementor-drop-cap-view-default) .elementor-drop-cap-letter{width:1em;height:1em}.elementor-widget-text-editor .elementor-drop-cap{float:left;text-align:center;line-height:1;font-size:50px}.elementor-widget-text-editor .elementor-drop-cap-letter{display:inline-block}<\/style>\t\t\t\t<p><b>M\u00e1s encima las lenguas<br \/><\/b><i>Noelia Ca\u00f1adas<\/i><br \/>Este texto presenta un an\u00e1lisis de usos y caracter\u00edsticas de la expresi\u00f3n coloquial \u201cm\u00e1s encima\u201d, de amplia difusi\u00f3n en el norte de R\u00edo Negro. Adem\u00e1s, se plantea una reflexi\u00f3n acerca de c\u00f3mo este tipo de fen\u00f3menos pueden ser contemplados en las pr\u00e1cticas educativas en \u00e1mbitos pluriling\u00fces.<\/p><p><b>\u00a0<\/b><\/p><p><b>El rol de la mujer en la historia: un recorrido por Latinoam\u00e9rica y Argentinas<\/b><br \/><i>Mayra Nievas<\/i>Mayra Nievas analiza sint\u00e9ticamente desde las civilizaciones latinoamericanas ancestrales (Maya, Azteca, Inca) hasta los cambios que se impusieron con la Conquista as\u00ed como las distintas formas de educar durante el per\u00edodo Colonial y el periodo de consolidaci\u00f3n del Estado nacional argentino.<\/p><p>\u00a0<\/p><p>\u00a0<\/p><p><b>Francisco de Aldana: la lucha interna del poeta<br \/><\/b><i>Agostina Gonzalez<\/i>Agostina Gonzalez presenta y analiza el poema \u201cMil Veces callo que romper deseo\u201d de Francisco de Aldana, explicitando los t\u00f3picos y recursos que hacen de este soneto una pieza magistral de la literatura escrita en lengua espa\u00f1ola.<\/p><p>\u00a0<\/p>\t\t\t\t\t\t<\/div>\n\t\t\t\t<\/div>\n\t\t\t\t\t<\/div>\n\t\t<\/div>\n\t\t\t\t<div class=\"elementor-column elementor-col-50 elementor-inner-column elementor-element elementor-element-c4b1cfd\" data-id=\"c4b1cfd\" data-element_type=\"column\">\n\t\t\t<div class=\"elementor-widget-wrap elementor-element-populated\">\n\t\t\t\t\t\t\t\t<div class=\"elementor-element elementor-element-8b35626 elementor-widget elementor-widget-text-editor\" data-id=\"8b35626\" data-element_type=\"widget\" data-widget_type=\"text-editor.default\">\n\t\t\t\t<div class=\"elementor-widget-container\">\n\t\t\t\t\t\t\t<p><b>Pueblos originarios, exiliados en su propia tierra<\/b><br \/><i>Cristina Rodr\u00edguez<\/i><br \/>En este art\u00edculo, la autora recupera una famosa frase de Eduardo Galeano para dar comienzo a una exploraci\u00f3n acerca de los pueblos originarios como exiliados en su propia tierra y analiza algunas problem\u00e1ticas pol\u00edticas y sociales que dan cuenta de un presente complejo y conflictivo.<\/p><p>\u00a0<\/p><p>\u00a0<\/p><p><b>Desaf\u00edos y Estrategias en la Ense\u00f1anza de Ciencias Naturales en Aulas Heterog\u00e9neas: Una Experiencia en 5to Grado<\/b><br \/><i>Lourdes Garrubba<\/i>Este trabajo consiste en una reflexi\u00f3n te\u00f3rica basada en la implementaci\u00f3n de una secuencia did\u00e1ctica elaborada para sus pr\u00e1cticas docentes en 5\u00b0 grado de la escuela primaria n\u00b0 302 de General Enrique Godoy. Partiendo de la importancia de ense\u00f1ar en aulas heterog\u00e9neas, Lourdes establece relaciones entre las actividades, consignas y estrategias did\u00e1cticas utilizadas para trabajar el saber \u201cel cielo nocturno\u201d y los aportes de Rebeca Anijovich (2014).<\/p>\t\t\t\t\t\t<\/div>\n\t\t\t\t<\/div>\n\t\t\t\t\t<\/div>\n\t\t<\/div>\n\t\t\t\t\t\t\t<\/div>\n\t\t<\/section>\n\t\t\t\t\t<\/div>\n\t\t<\/div>\n\t\t\t\t\t\t\t<\/div>\n\t\t<\/section>\n\t\t\t\t<section class=\"elementor-section elementor-top-section elementor-element elementor-element-f79b6a2 elementor-section-boxed elementor-section-height-default elementor-section-height-default\" data-id=\"f79b6a2\" data-element_type=\"section\">\n\t\t\t\t\t\t<div class=\"elementor-container elementor-column-gap-default\">\n\t\t\t\t\t<div class=\"elementor-column elementor-col-100 elementor-top-column elementor-element elementor-element-acf0fe6\" data-id=\"acf0fe6\" data-element_type=\"column\">\n\t\t\t<div class=\"elementor-widget-wrap elementor-element-populated\">\n\t\t\t\t\t\t\t\t<div class=\"elementor-element elementor-element-aba2a4f elementor-icon-list--layout-traditional elementor-list-item-link-full_width elementor-widget elementor-widget-icon-list\" data-id=\"aba2a4f\" data-element_type=\"widget\" data-widget_type=\"icon-list.default\">\n\t\t\t\t<div class=\"elementor-widget-container\">\n\t\t\t\t\t<ul class=\"elementor-icon-list-items\">\n\t\t\t\t\t\t\t<li class=\"elementor-icon-list-item\">\n\t\t\t\t\t\t\t\t\t\t\t<a href=\"https:\/\/drive.google.com\/file\/d\/16WxLjajL30ggA97YdELyshX125umCWUd\/view?usp=sharing\" target=\"_blank\">\n\n\t\t\t\t\t\t\t\t\t\t\t\t<span class=\"elementor-icon-list-icon\">\n\t\t\t\t\t\t\t<i aria-hidden=\"true\" class=\"fas fa-arrow-alt-circle-down\"><\/i>\t\t\t\t\t\t<\/span>\n\t\t\t\t\t\t\t\t\t\t<span class=\"elementor-icon-list-text\">Descargar PDF<\/span>\n\t\t\t\t\t\t\t\t\t\t\t<\/a>\n\t\t\t\t\t\t\t\t\t<\/li>\n\t\t\t\t\t\t<\/ul>\n\t\t\t\t<\/div>\n\t\t\t\t<\/div>\n\t\t\t\t\t<\/div>\n\t\t<\/div>\n\t\t\t\t\t\t\t<\/div>\n\t\t<\/section>\n\t\t\t\t\t\t\t<\/div>\n\t\t","protected":false},"excerpt":{"rendered":"<p>Descargar PDF A\u00f1o 8. N\u00famero 8. Octubre 2024 C o n t e n i d o M\u00e1s encima las lenguasNoelia Ca\u00f1adasEste texto presenta un an\u00e1lisis de usos y caracter\u00edsticas de la expresi\u00f3n coloquial \u201cm\u00e1s encima\u201d, de amplia difusi\u00f3n en el norte de R\u00edo Negro. Adem\u00e1s, se plantea una reflexi\u00f3n acerca de c\u00f3mo este tipo [&hellip;]<\/p>\n","protected":false},"author":3,"featured_media":0,"parent":0,"menu_order":0,"comment_status":"closed","ping_status":"closed","template":"","meta":{"footnotes":""},"class_list":["post-3678","page","type-page","status-publish","hentry"],"_links":{"self":[{"href":"https:\/\/ifdcregina.edu.ar\/sitio\/wp-json\/wp\/v2\/pages\/3678","targetHints":{"allow":["GET"]}}],"collection":[{"href":"https:\/\/ifdcregina.edu.ar\/sitio\/wp-json\/wp\/v2\/pages"}],"about":[{"href":"https:\/\/ifdcregina.edu.ar\/sitio\/wp-json\/wp\/v2\/types\/page"}],"author":[{"embeddable":true,"href":"https:\/\/ifdcregina.edu.ar\/sitio\/wp-json\/wp\/v2\/users\/3"}],"replies":[{"embeddable":true,"href":"https:\/\/ifdcregina.edu.ar\/sitio\/wp-json\/wp\/v2\/comments?post=3678"}],"version-history":[{"count":7,"href":"https:\/\/ifdcregina.edu.ar\/sitio\/wp-json\/wp\/v2\/pages\/3678\/revisions"}],"predecessor-version":[{"id":5345,"href":"https:\/\/ifdcregina.edu.ar\/sitio\/wp-json\/wp\/v2\/pages\/3678\/revisions\/5345"}],"wp:attachment":[{"href":"https:\/\/ifdcregina.edu.ar\/sitio\/wp-json\/wp\/v2\/media?parent=3678"}],"curies":[{"name":"wp","href":"https:\/\/api.w.org\/{rel}","templated":true}]}}