{"id":3238,"date":"2023-11-01T09:21:24","date_gmt":"2023-11-01T12:21:24","guid":{"rendered":"https:\/\/ifdcregina.edu.ar\/sitio\/?page_id=3238"},"modified":"2025-11-06T10:22:34","modified_gmt":"2025-11-06T13:22:34","slug":"revista-urdimbres-no7","status":"publish","type":"page","link":"https:\/\/ifdcregina.edu.ar\/sitio\/revista-urdimbres-no7\/","title":{"rendered":"Revista Urdimbres N\u00ba7"},"content":{"rendered":"\t\t<div data-elementor-type=\"wp-page\" data-elementor-id=\"3238\" class=\"elementor elementor-3238\">\n\t\t\t\t\t\t\t\t\t<section class=\"elementor-section elementor-top-section elementor-element elementor-element-17d9e07 elementor-section-boxed elementor-section-height-default elementor-section-height-default\" data-id=\"17d9e07\" data-element_type=\"section\">\n\t\t\t\t\t\t<div class=\"elementor-container elementor-column-gap-default\">\n\t\t\t\t\t<div class=\"elementor-column elementor-col-100 elementor-top-column elementor-element elementor-element-728e6ea\" data-id=\"728e6ea\" data-element_type=\"column\">\n\t\t\t<div class=\"elementor-widget-wrap elementor-element-populated\">\n\t\t\t\t\t\t\t\t<div class=\"elementor-element elementor-element-19ec5cb elementor-icon-list--layout-traditional elementor-list-item-link-full_width elementor-widget elementor-widget-icon-list\" data-id=\"19ec5cb\" data-element_type=\"widget\" data-widget_type=\"icon-list.default\">\n\t\t\t\t<div class=\"elementor-widget-container\">\n\t\t\t<link rel=\"stylesheet\" href=\"https:\/\/ifdcregina.edu.ar\/sitio\/wp-content\/plugins\/elementor\/assets\/css\/widget-icon-list.min.css\">\t\t<ul class=\"elementor-icon-list-items\">\n\t\t\t\t\t\t\t<li class=\"elementor-icon-list-item\">\n\t\t\t\t\t\t\t\t\t\t\t<a href=\"https:\/\/drive.google.com\/file\/d\/1I7EvXtEI8-rNhFy6bZVEiyyw67bN8dHT\/view?usp=sharing\" target=\"_blank\">\n\n\t\t\t\t\t\t\t\t\t\t\t\t<span class=\"elementor-icon-list-icon\">\n\t\t\t\t\t\t\t<i aria-hidden=\"true\" class=\"fas fa-arrow-alt-circle-down\"><\/i>\t\t\t\t\t\t<\/span>\n\t\t\t\t\t\t\t\t\t\t<span class=\"elementor-icon-list-text\">Descargar PDF<\/span>\n\t\t\t\t\t\t\t\t\t\t\t<\/a>\n\t\t\t\t\t\t\t\t\t<\/li>\n\t\t\t\t\t\t<\/ul>\n\t\t\t\t<\/div>\n\t\t\t\t<\/div>\n\t\t\t\t\t<\/div>\n\t\t<\/div>\n\t\t\t\t\t\t\t<\/div>\n\t\t<\/section>\n\t\t\t\t<section class=\"elementor-section elementor-top-section elementor-element elementor-element-5e348f0 elementor-section-boxed elementor-section-height-default elementor-section-height-default\" data-id=\"5e348f0\" data-element_type=\"section\">\n\t\t\t\t\t\t<div class=\"elementor-container elementor-column-gap-default\">\n\t\t\t\t\t<div class=\"elementor-column elementor-col-100 elementor-top-column elementor-element elementor-element-725a1b6\" data-id=\"725a1b6\" data-element_type=\"column\">\n\t\t\t<div class=\"elementor-widget-wrap elementor-element-populated\">\n\t\t\t\t\t\t\t\t<div class=\"elementor-element elementor-element-6fabbd3 elementor-widget elementor-widget-image\" data-id=\"6fabbd3\" data-element_type=\"widget\" data-widget_type=\"image.default\">\n\t\t\t\t<div class=\"elementor-widget-container\">\n\t\t\t<style>\/*! elementor - v3.11.1 - 15-02-2023 *\/\n.elementor-widget-image{text-align:center}.elementor-widget-image a{display:inline-block}.elementor-widget-image a img[src$=\".svg\"]{width:48px}.elementor-widget-image img{vertical-align:middle;display:inline-block}<\/style>\t\t\t\t\t\t\t\t\t\t\t\t<img decoding=\"async\" src=\"https:\/\/lh3.googleusercontent.com\/wpLC2zKwYPz_UrS9-QDh8I_ME14RzxjuTdphepSsutA19i7hPzoWaBSLgtzt9__2t_Az5Fr76hrdMjvCFD7z6BDnWcK0xLhlxpss4C5cdFcBtRWfado7i9btPGSaYX9HQc1T3TXj4Q=w2400\" title=\"\" alt=\"\" class=\"elementor-animation-bounce-out\" loading=\"lazy\" \/>\t\t\t\t\t\t\t\t\t\t\t\t\t\t\t<\/div>\n\t\t\t\t<\/div>\n\t\t\t\t\t<\/div>\n\t\t<\/div>\n\t\t\t\t\t\t\t<\/div>\n\t\t<\/section>\n\t\t\t\t<section class=\"elementor-section elementor-top-section elementor-element elementor-element-8cbe599 elementor-section-boxed elementor-section-height-default elementor-section-height-default\" data-id=\"8cbe599\" data-element_type=\"section\">\n\t\t\t\t\t\t<div class=\"elementor-container elementor-column-gap-default\">\n\t\t\t\t\t<div class=\"elementor-column elementor-col-100 elementor-top-column elementor-element elementor-element-1e2595a\" data-id=\"1e2595a\" data-element_type=\"column\">\n\t\t\t<div class=\"elementor-widget-wrap elementor-element-populated\">\n\t\t\t\t\t\t\t\t<div class=\"elementor-element elementor-element-6b5edc1 elementor-widget elementor-widget-heading\" data-id=\"6b5edc1\" data-element_type=\"widget\" data-widget_type=\"heading.default\">\n\t\t\t\t<div class=\"elementor-widget-container\">\n\t\t\t<style>\/*! elementor - v3.11.1 - 15-02-2023 *\/\n.elementor-heading-title{padding:0;margin:0;line-height:1}.elementor-widget-heading .elementor-heading-title[class*=elementor-size-]>a{color:inherit;font-size:inherit;line-height:inherit}.elementor-widget-heading .elementor-heading-title.elementor-size-small{font-size:15px}.elementor-widget-heading .elementor-heading-title.elementor-size-medium{font-size:19px}.elementor-widget-heading .elementor-heading-title.elementor-size-large{font-size:29px}.elementor-widget-heading .elementor-heading-title.elementor-size-xl{font-size:39px}.elementor-widget-heading .elementor-heading-title.elementor-size-xxl{font-size:59px}<\/style><h2 class=\"elementor-heading-title elementor-size-default\">A\u00f1o 7. N\u00famero 7. Octubre 2023<\/h2>\t\t<\/div>\n\t\t\t\t<\/div>\n\t\t\t\t\t<\/div>\n\t\t<\/div>\n\t\t\t\t\t\t\t<\/div>\n\t\t<\/section>\n\t\t\t\t<section class=\"elementor-section elementor-top-section elementor-element elementor-element-d696d2f elementor-section-boxed elementor-section-height-default elementor-section-height-default\" data-id=\"d696d2f\" data-element_type=\"section\">\n\t\t\t\t\t\t<div class=\"elementor-container elementor-column-gap-default\">\n\t\t\t\t\t<div class=\"elementor-column elementor-col-100 elementor-top-column elementor-element elementor-element-596bf75\" data-id=\"596bf75\" data-element_type=\"column\">\n\t\t\t<div class=\"elementor-widget-wrap elementor-element-populated\">\n\t\t\t\t\t\t\t\t<div class=\"elementor-element elementor-element-c978550 elementor-widget elementor-widget-heading\" data-id=\"c978550\" data-element_type=\"widget\" data-widget_type=\"heading.default\">\n\t\t\t\t<div class=\"elementor-widget-container\">\n\t\t\t<h3 class=\"elementor-heading-title elementor-size-default\">C o n t e n i d o<\/h3>\t\t<\/div>\n\t\t\t\t<\/div>\n\t\t\t\t\t<\/div>\n\t\t<\/div>\n\t\t\t\t\t\t\t<\/div>\n\t\t<\/section>\n\t\t\t\t<section class=\"elementor-section elementor-top-section elementor-element elementor-element-80034aa elementor-section-boxed elementor-section-height-default elementor-section-height-default\" data-id=\"80034aa\" data-element_type=\"section\">\n\t\t\t\t\t\t<div class=\"elementor-container elementor-column-gap-default\">\n\t\t\t\t\t<div class=\"elementor-column elementor-col-100 elementor-top-column elementor-element elementor-element-9d947c3\" data-id=\"9d947c3\" data-element_type=\"column\">\n\t\t\t<div class=\"elementor-widget-wrap elementor-element-populated\">\n\t\t\t\t\t\t\t\t<section class=\"elementor-section elementor-inner-section elementor-element elementor-element-66e545f elementor-section-boxed elementor-section-height-default elementor-section-height-default\" data-id=\"66e545f\" data-element_type=\"section\">\n\t\t\t\t\t\t<div class=\"elementor-container elementor-column-gap-default\">\n\t\t\t\t\t<div class=\"elementor-column elementor-col-50 elementor-inner-column elementor-element elementor-element-ece94b0\" data-id=\"ece94b0\" data-element_type=\"column\">\n\t\t\t<div class=\"elementor-widget-wrap elementor-element-populated\">\n\t\t\t\t\t\t\t\t<div class=\"elementor-element elementor-element-88453d8 elementor-widget elementor-widget-text-editor\" data-id=\"88453d8\" data-element_type=\"widget\" data-widget_type=\"text-editor.default\">\n\t\t\t\t<div class=\"elementor-widget-container\">\n\t\t\t<style>\/*! elementor - v3.11.1 - 15-02-2023 *\/\n.elementor-widget-text-editor.elementor-drop-cap-view-stacked .elementor-drop-cap{background-color:#818a91;color:#fff}.elementor-widget-text-editor.elementor-drop-cap-view-framed .elementor-drop-cap{color:#818a91;border:3px solid;background-color:transparent}.elementor-widget-text-editor:not(.elementor-drop-cap-view-default) .elementor-drop-cap{margin-top:8px}.elementor-widget-text-editor:not(.elementor-drop-cap-view-default) .elementor-drop-cap-letter{width:1em;height:1em}.elementor-widget-text-editor .elementor-drop-cap{float:left;text-align:center;line-height:1;font-size:50px}.elementor-widget-text-editor .elementor-drop-cap-letter{display:inline-block}<\/style>\t\t\t\t<p><b>Identidad y Otredad en la novela afrofuturista Qui\u00e9n teme a la muerte de Nnedi Okorafor.<br><\/b><i>Elizabeth Escobar<\/i><br>En este art\u00edculo, Elizabeth Escobar (IFDC R\u00edo Colorado) explora una novela de ciencia ficci\u00f3n afrofuturista de Nnedi Okorafor. En una Sud\u00e1n posnuclear la joven Onyesonwu enfrenta m\u00faltiples adversidades y desaf\u00edos, que son analizados por Escobar considerando diversos temas que aborda la novela, tales como las tensiones raciales y el mestizaje cultural y ling\u00fc\u00edstico, la adolescencia y la m\u00edstica del pueblo Igbo.<\/p>\n<p><b><br><\/b><\/p>\n<p><b>Transposici\u00f3n Did\u00e1ctica y Lenguaje Matem\u00e1tico<\/b><br><i>Lorena Fern\u00e1ndez<\/i><br>Lorena Fern\u00e1ndez (IFDC General Roca \/ Fiske Menuco) aborda la tem\u00e1tica de la transposici\u00f3n did\u00e1ctica en relaci\u00f3n al lenguaje matem\u00e1tico. Reflexiona acerca de las posibilidades de ampliar el repertorio de recursos comunicativos con los que cuentan los docentes para transmitir los saberes espec\u00edficos disciplinares en el aula.<br><\/p>\n<p><br><\/p>\n<p><\/p>\n<p><b>Brecha digital y Pandemia en el sistema educativo argentino<br><\/b><i>Fabiola Figueroa C\u00e1rcamo<\/i><br>En este art\u00edculo, Fabiola Figueroa C\u00e1rcamo (IFDC General Roca \/ Fiske Menuco), explora el aumento en la brecha digital que se evidenci\u00f3 a partir de la Pandemia por COVID-19 en Argentina. Partiendo de las caracter\u00edsticas de la escuela en tanto instituci\u00f3n surgida en la Modernidad y pasando por algunas reformulaciones como las instaladas por la Ley Nacional de Educaci\u00f3n (2006), la autora reflexiona acerca de pr\u00e1cticas de exclusi\u00f3n, algunas de ellas vinculadas al acceso a las nuevas tecnolog\u00edas, que se evidencian en nuestro sistema educativo.<\/p>\n<p><\/p>\t\t\t\t\t\t<\/div>\n\t\t\t\t<\/div>\n\t\t\t\t\t<\/div>\n\t\t<\/div>\n\t\t\t\t<div class=\"elementor-column elementor-col-50 elementor-inner-column elementor-element elementor-element-1b3948f\" data-id=\"1b3948f\" data-element_type=\"column\">\n\t\t\t<div class=\"elementor-widget-wrap elementor-element-populated\">\n\t\t\t\t\t\t\t\t<div class=\"elementor-element elementor-element-4fb4c51 elementor-widget elementor-widget-text-editor\" data-id=\"4fb4c51\" data-element_type=\"widget\" data-widget_type=\"text-editor.default\">\n\t\t\t\t<div class=\"elementor-widget-container\">\n\t\t\t\t\t\t\t<p><b>Promover la inclusi\u00f3n tecnol\u00f3gica en las escuelas &#8211; Relato pedag\u00f3gico de una experiencia transmedia<\/b><br \/><i>Mar\u00eda del Rosario Colinamon &#8211; Paula Rodr\u00edguez &#8211; Alejandra Bell &#8211; Anabel Fontena &#8211; Brisa Lizama &#8211; Juan Albarrac\u00edn &#8211; Yanina Erices &#8211; Danila Bejarano<\/i><br \/>En esta experiencias pedag\u00f3gica, un grupo de estudiantes del Seminario de TIC (IFDC Villa Regina) reflexionan acerca de una educaci\u00f3n m\u00e1s inclusiva respaldada por las Tecnolog\u00edas de la Informaci\u00f3n y la Comunicaci\u00f3n. <b><br \/><br \/><\/b><\/p><p>\u00a0<\/p><p><b>Estrategias educativas mediadas por tecnolog\u00edas como oportunidad did\u00e1ctica en aulas heterog\u00e9neas<\/b><br \/><i>Enzo Giuliani &#8211; Karen Hoyos<\/i><br \/>Esta experiencia pedag\u00f3gica, elaborada por Enzo Giuliani y Karen Hoyos (IFDC Villa Regina), consiste en una reflexi\u00f3n te\u00f3rica, atravesada por las propias experiencias, de una fotograf\u00eda que figura en el libro Presente. Retratos de la educaci\u00f3n argentina.<\/p>\t\t\t\t\t\t<\/div>\n\t\t\t\t<\/div>\n\t\t\t\t\t<\/div>\n\t\t<\/div>\n\t\t\t\t\t\t\t<\/div>\n\t\t<\/section>\n\t\t\t\t\t<\/div>\n\t\t<\/div>\n\t\t\t\t\t\t\t<\/div>\n\t\t<\/section>\n\t\t\t\t<section class=\"elementor-section elementor-top-section elementor-element elementor-element-bc10512 elementor-section-boxed elementor-section-height-default elementor-section-height-default\" data-id=\"bc10512\" data-element_type=\"section\">\n\t\t\t\t\t\t<div class=\"elementor-container elementor-column-gap-default\">\n\t\t\t\t\t<div class=\"elementor-column elementor-col-100 elementor-top-column elementor-element elementor-element-7ac8168\" data-id=\"7ac8168\" data-element_type=\"column\">\n\t\t\t<div class=\"elementor-widget-wrap elementor-element-populated\">\n\t\t\t\t\t\t\t\t<div class=\"elementor-element elementor-element-75b2630 elementor-icon-list--layout-traditional elementor-list-item-link-full_width elementor-widget elementor-widget-icon-list\" data-id=\"75b2630\" data-element_type=\"widget\" data-widget_type=\"icon-list.default\">\n\t\t\t\t<div class=\"elementor-widget-container\">\n\t\t\t\t\t<ul class=\"elementor-icon-list-items\">\n\t\t\t\t\t\t\t<li class=\"elementor-icon-list-item\">\n\t\t\t\t\t\t\t\t\t\t\t<a href=\"https:\/\/drive.google.com\/file\/d\/1I7EvXtEI8-rNhFy6bZVEiyyw67bN8dHT\/view?usp=sharing\" target=\"_blank\">\n\n\t\t\t\t\t\t\t\t\t\t\t\t<span class=\"elementor-icon-list-icon\">\n\t\t\t\t\t\t\t<i aria-hidden=\"true\" class=\"fas fa-arrow-alt-circle-down\"><\/i>\t\t\t\t\t\t<\/span>\n\t\t\t\t\t\t\t\t\t\t<span class=\"elementor-icon-list-text\">Descargar PDF<\/span>\n\t\t\t\t\t\t\t\t\t\t\t<\/a>\n\t\t\t\t\t\t\t\t\t<\/li>\n\t\t\t\t\t\t<\/ul>\n\t\t\t\t<\/div>\n\t\t\t\t<\/div>\n\t\t\t\t\t<\/div>\n\t\t<\/div>\n\t\t\t\t\t\t\t<\/div>\n\t\t<\/section>\n\t\t\t\t\t\t\t<\/div>\n\t\t","protected":false},"excerpt":{"rendered":"<p>Descargar PDF A\u00f1o 7. N\u00famero 7. Octubre 2023 C o n t e n i d o Identidad y Otredad en la novela afrofuturista Qui\u00e9n teme a la muerte de Nnedi Okorafor.Elizabeth EscobarEn este art\u00edculo, Elizabeth Escobar (IFDC R\u00edo Colorado) explora una novela de ciencia ficci\u00f3n afrofuturista de Nnedi Okorafor. En una Sud\u00e1n posnuclear la [&hellip;]<\/p>\n","protected":false},"author":3,"featured_media":0,"parent":0,"menu_order":0,"comment_status":"closed","ping_status":"closed","template":"","meta":{"footnotes":""},"class_list":["post-3238","page","type-page","status-publish","hentry"],"_links":{"self":[{"href":"https:\/\/ifdcregina.edu.ar\/sitio\/wp-json\/wp\/v2\/pages\/3238","targetHints":{"allow":["GET"]}}],"collection":[{"href":"https:\/\/ifdcregina.edu.ar\/sitio\/wp-json\/wp\/v2\/pages"}],"about":[{"href":"https:\/\/ifdcregina.edu.ar\/sitio\/wp-json\/wp\/v2\/types\/page"}],"author":[{"embeddable":true,"href":"https:\/\/ifdcregina.edu.ar\/sitio\/wp-json\/wp\/v2\/users\/3"}],"replies":[{"embeddable":true,"href":"https:\/\/ifdcregina.edu.ar\/sitio\/wp-json\/wp\/v2\/comments?post=3238"}],"version-history":[{"count":13,"href":"https:\/\/ifdcregina.edu.ar\/sitio\/wp-json\/wp\/v2\/pages\/3238\/revisions"}],"predecessor-version":[{"id":5348,"href":"https:\/\/ifdcregina.edu.ar\/sitio\/wp-json\/wp\/v2\/pages\/3238\/revisions\/5348"}],"wp:attachment":[{"href":"https:\/\/ifdcregina.edu.ar\/sitio\/wp-json\/wp\/v2\/media?parent=3238"}],"curies":[{"name":"wp","href":"https:\/\/api.w.org\/{rel}","templated":true}]}}