{"id":1167,"date":"2021-10-28T19:17:45","date_gmt":"2021-10-28T22:17:45","guid":{"rendered":"https:\/\/ifdcregina.edu.ar\/sitio\/?page_id=1167"},"modified":"2021-10-28T19:17:46","modified_gmt":"2021-10-28T22:17:46","slug":"pases","status":"publish","type":"page","link":"https:\/\/ifdcregina.edu.ar\/sitio\/pases\/","title":{"rendered":"Pases"},"content":{"rendered":"\n<p>Si est\u00e1s cursando en otro IFDC pod\u00e9s pedir el pase al IFDC Regina, siempre y cuando se dicte la misma carrera. Los pases se piden ante la secretar\u00eda acad\u00e9mica del otro IFDC y se presentan al Consejo Directivo del IFDC Regina.<\/p>\n\n\n\n<p>Para consultas escrib\u00ed a tramites@ifdcregina.edu.ar<\/p>\n","protected":false},"excerpt":{"rendered":"<p>Si est\u00e1s cursando en otro IFDC pod\u00e9s pedir el pase al IFDC Regina, siempre y cuando se dicte la misma carrera. Los pases se piden ante la secretar\u00eda acad\u00e9mica del otro IFDC y se presentan al Consejo Directivo del IFDC Regina. Para consultas escrib\u00ed a tramites@ifdcregina.edu.ar<\/p>\n","protected":false},"author":1,"featured_media":0,"parent":0,"menu_order":0,"comment_status":"closed","ping_status":"closed","template":"","meta":{"footnotes":""},"class_list":["post-1167","page","type-page","status-publish","hentry"],"_links":{"self":[{"href":"https:\/\/ifdcregina.edu.ar\/sitio\/wp-json\/wp\/v2\/pages\/1167","targetHints":{"allow":["GET"]}}],"collection":[{"href":"https:\/\/ifdcregina.edu.ar\/sitio\/wp-json\/wp\/v2\/pages"}],"about":[{"href":"https:\/\/ifdcregina.edu.ar\/sitio\/wp-json\/wp\/v2\/types\/page"}],"author":[{"embeddable":true,"href":"https:\/\/ifdcregina.edu.ar\/sitio\/wp-json\/wp\/v2\/users\/1"}],"replies":[{"embeddable":true,"href":"https:\/\/ifdcregina.edu.ar\/sitio\/wp-json\/wp\/v2\/comments?post=1167"}],"version-history":[{"count":1,"href":"https:\/\/ifdcregina.edu.ar\/sitio\/wp-json\/wp\/v2\/pages\/1167\/revisions"}],"predecessor-version":[{"id":1168,"href":"https:\/\/ifdcregina.edu.ar\/sitio\/wp-json\/wp\/v2\/pages\/1167\/revisions\/1168"}],"wp:attachment":[{"href":"https:\/\/ifdcregina.edu.ar\/sitio\/wp-json\/wp\/v2\/media?parent=1167"}],"curies":[{"name":"wp","href":"https:\/\/api.w.org\/{rel}","templated":true}]}}