{"id":1165,"date":"2021-10-28T19:10:09","date_gmt":"2021-10-28T22:10:09","guid":{"rendered":"https:\/\/ifdcregina.edu.ar\/sitio\/?page_id=1165"},"modified":"2021-10-28T19:10:09","modified_gmt":"2021-10-28T22:10:09","slug":"equivalencias","status":"publish","type":"page","link":"https:\/\/ifdcregina.edu.ar\/sitio\/equivalencias\/","title":{"rendered":"Equivalencias"},"content":{"rendered":"\n<p>Las materias aprobadas en otras instituciones de nivel superior pueden ser reconocidas por el IFDC para evitar cursarlas nuevamente. Si ten\u00e9s materias aprobadas con calificaci\u00f3n num\u00e9rica necesit\u00e1s presentar en el IFDC el rendimiento acad\u00e9mico y los programas autenticados de esos espacios. El equipo docente de nuestra instituci\u00f3n, a cargo de esas materias, evaluar\u00e1n la pertinencia de los programas que hayas aprobado en otras carreras<\/p>\n\n\n\n<p>Luego de eso, podr\u00e1n aprobar o no la equivalencia y se te comunicar\u00e1 la decisi\u00f3n. Las equivalencias se solicitan mediante la secretar\u00eda acad\u00e9mica antes del inicio de cada cuatrimestre.&nbsp;<\/p>\n\n\n\n<p>Para ampliar la&nbsp; informaci\u00f3n comunicate con tramites@ifdcregina.edu.ar<\/p>\n\n\n\n<p>Si cursaste materias en otro IFDC de la provincia de R\u00edo Negro, se considerar\u00e1n equivalentes las materias del Campo de la Formaci\u00f3n General.<\/p>\n","protected":false},"excerpt":{"rendered":"<p>Las materias aprobadas en otras instituciones de nivel superior pueden ser reconocidas por el IFDC para evitar cursarlas nuevamente. Si ten\u00e9s materias aprobadas con calificaci\u00f3n num\u00e9rica necesit\u00e1s presentar en el IFDC el rendimiento acad\u00e9mico y los programas autenticados de esos espacios. El equipo docente de nuestra instituci\u00f3n, a cargo de esas materias, evaluar\u00e1n la pertinencia [&hellip;]<\/p>\n","protected":false},"author":1,"featured_media":0,"parent":0,"menu_order":0,"comment_status":"closed","ping_status":"closed","template":"","meta":{"footnotes":""},"class_list":["post-1165","page","type-page","status-publish","hentry"],"_links":{"self":[{"href":"https:\/\/ifdcregina.edu.ar\/sitio\/wp-json\/wp\/v2\/pages\/1165","targetHints":{"allow":["GET"]}}],"collection":[{"href":"https:\/\/ifdcregina.edu.ar\/sitio\/wp-json\/wp\/v2\/pages"}],"about":[{"href":"https:\/\/ifdcregina.edu.ar\/sitio\/wp-json\/wp\/v2\/types\/page"}],"author":[{"embeddable":true,"href":"https:\/\/ifdcregina.edu.ar\/sitio\/wp-json\/wp\/v2\/users\/1"}],"replies":[{"embeddable":true,"href":"https:\/\/ifdcregina.edu.ar\/sitio\/wp-json\/wp\/v2\/comments?post=1165"}],"version-history":[{"count":1,"href":"https:\/\/ifdcregina.edu.ar\/sitio\/wp-json\/wp\/v2\/pages\/1165\/revisions"}],"predecessor-version":[{"id":1166,"href":"https:\/\/ifdcregina.edu.ar\/sitio\/wp-json\/wp\/v2\/pages\/1165\/revisions\/1166"}],"wp:attachment":[{"href":"https:\/\/ifdcregina.edu.ar\/sitio\/wp-json\/wp\/v2\/media?parent=1165"}],"curies":[{"name":"wp","href":"https:\/\/api.w.org\/{rel}","templated":true}]}}