{"id":1163,"date":"2021-10-28T20:20:56","date_gmt":"2021-10-28T23:20:56","guid":{"rendered":"https:\/\/ifdcregina.edu.ar\/sitio\/?page_id=1163"},"modified":"2025-08-01T08:24:05","modified_gmt":"2025-08-01T11:24:05","slug":"contacto","status":"publish","type":"page","link":"https:\/\/ifdcregina.edu.ar\/sitio\/contacto\/","title":{"rendered":"Contacto"},"content":{"rendered":"\t\t<div data-elementor-type=\"wp-page\" data-elementor-id=\"1163\" class=\"elementor elementor-1163\">\n\t\t\t\t\t\t\t\t\t<section class=\"elementor-section elementor-top-section elementor-element elementor-element-2e0a643a elementor-section-boxed elementor-section-height-default elementor-section-height-default\" data-id=\"2e0a643a\" data-element_type=\"section\">\n\t\t\t\t\t\t<div class=\"elementor-container elementor-column-gap-default\">\n\t\t\t\t\t<div class=\"elementor-column elementor-col-100 elementor-top-column elementor-element elementor-element-765a6f06\" data-id=\"765a6f06\" data-element_type=\"column\">\n\t\t\t<div class=\"elementor-widget-wrap elementor-element-populated\">\n\t\t\t\t\t\t\t\t<div class=\"elementor-element elementor-element-21a9a8bb elementor-widget elementor-widget-text-editor\" data-id=\"21a9a8bb\" data-element_type=\"widget\" data-widget_type=\"text-editor.default\">\n\t\t\t\t<div class=\"elementor-widget-container\">\n\t\t\t<style>\/*! elementor - v3.11.1 - 15-02-2023 *\/\n.elementor-widget-text-editor.elementor-drop-cap-view-stacked .elementor-drop-cap{background-color:#818a91;color:#fff}.elementor-widget-text-editor.elementor-drop-cap-view-framed .elementor-drop-cap{color:#818a91;border:3px solid;background-color:transparent}.elementor-widget-text-editor:not(.elementor-drop-cap-view-default) .elementor-drop-cap{margin-top:8px}.elementor-widget-text-editor:not(.elementor-drop-cap-view-default) .elementor-drop-cap-letter{width:1em;height:1em}.elementor-widget-text-editor .elementor-drop-cap{float:left;text-align:center;line-height:1;font-size:50px}.elementor-widget-text-editor .elementor-drop-cap-letter{display:inline-block}<\/style>\t\t\t\t<p><!-- wp:paragraph --><\/p>\n<p>Flavia Mu\u00f1oz, Secretar\u00eda Acad\u00e9mica del Prof. de Ed. Primaria: <a href=\"mailto:secretariaprimariaifdcregina@gmail.com\">secretariaprimariaifdcregina@gmail.com<\/a><\/p>\n<p><!-- \/wp:paragraph --><!-- wp:paragraph --><\/p>\n<p>Facundo Fajardo, Secretar\u00eda Acad\u00e9mica del Prof. de Ed. Especial: <a href=\"mailto:secretariaespacialifdcregina@gmail.com\">secretariaespacialifdcregina@gmail.com<\/a><\/p>\n<p><!-- \/wp:paragraph --><!-- wp:paragraph --><\/p>\n<p>Gloria Villarroel, Secretar\u00eda Acad\u00e9mica del Prof. de Ed. Secundaria en Lengua y Literatura: <a href=\"mailto:lenguavr@gmail.com\">lenguavr@gmail.com<\/a><\/p>\n<p><!-- \/wp:paragraph --><!-- wp:paragraph --><\/p><p><!-- \/wp:paragraph --><!-- wp:paragraph --><\/p><p><!-- \/wp:paragraph --><\/p>\t\t\t\t\t\t<\/div>\n\t\t\t\t<\/div>\n\t\t\t\t\t<\/div>\n\t\t<\/div>\n\t\t\t\t\t\t\t<\/div>\n\t\t<\/section>\n\t\t\t\t\t\t\t<\/div>\n\t\t","protected":false},"excerpt":{"rendered":"<p>Flavia Mu\u00f1oz, Secretar\u00eda Acad\u00e9mica del Prof. de Ed. Primaria: secretariaprimariaifdcregina@gmail.com Facundo Fajardo, Secretar\u00eda Acad\u00e9mica del Prof. de Ed. Especial: secretariaespacialifdcregina@gmail.com Gloria Villarroel, Secretar\u00eda Acad\u00e9mica del Prof. de Ed. Secundaria en Lengua y Literatura: lenguavr@gmail.com<\/p>\n","protected":false},"author":1,"featured_media":0,"parent":0,"menu_order":0,"comment_status":"closed","ping_status":"closed","template":"","meta":{"footnotes":""},"class_list":["post-1163","page","type-page","status-publish","hentry"],"_links":{"self":[{"href":"https:\/\/ifdcregina.edu.ar\/sitio\/wp-json\/wp\/v2\/pages\/1163","targetHints":{"allow":["GET"]}}],"collection":[{"href":"https:\/\/ifdcregina.edu.ar\/sitio\/wp-json\/wp\/v2\/pages"}],"about":[{"href":"https:\/\/ifdcregina.edu.ar\/sitio\/wp-json\/wp\/v2\/types\/page"}],"author":[{"embeddable":true,"href":"https:\/\/ifdcregina.edu.ar\/sitio\/wp-json\/wp\/v2\/users\/1"}],"replies":[{"embeddable":true,"href":"https:\/\/ifdcregina.edu.ar\/sitio\/wp-json\/wp\/v2\/comments?post=1163"}],"version-history":[{"count":5,"href":"https:\/\/ifdcregina.edu.ar\/sitio\/wp-json\/wp\/v2\/pages\/1163\/revisions"}],"predecessor-version":[{"id":3996,"href":"https:\/\/ifdcregina.edu.ar\/sitio\/wp-json\/wp\/v2\/pages\/1163\/revisions\/3996"}],"wp:attachment":[{"href":"https:\/\/ifdcregina.edu.ar\/sitio\/wp-json\/wp\/v2\/media?parent=1163"}],"curies":[{"name":"wp","href":"https:\/\/api.w.org\/{rel}","templated":true}]}}